{"id":117,"date":"2018-02-03T20:04:35","date_gmt":"2018-02-03T19:04:35","guid":{"rendered":"http:\/\/zs1.nowotarski.pl\/projekty\/bournemouth2018\/?page_id=117"},"modified":"2018-05-07T01:24:28","modified_gmt":"2018-05-06T23:24:28","slug":"lista-uczestnikow","status":"publish","type":"page","link":"https:\/\/zs1-projekty.nowotarski.edu.pl\/bournemouth2018\/index.php\/lista-uczestnikow\/","title":{"rendered":"Lista uczestnik\u00f3w"},"content":{"rendered":"<p style=\"text-align: center;\">Bryja Aleksandra<br \/>\nCicho\u0144 Daniel<br \/>\nGaj Mariusz<br \/>\nHajnos Kacper<br \/>\nJar\u00f3g Mateusz<br \/>\nJazgar Dominik<br \/>\nKlimek Krzysztof<br \/>\nKomperda Patrycja<br \/>\nKubacka Mateusz<br \/>\nMonka Marcin<br \/>\nNiemczykiewicz Klaudia<br \/>\nPiwka Norbert<br \/>\nPro\u015bba Dawid<br \/>\nP\u0119ka\u0142a Bart\u0142omiej<br \/>\nRepelowicz Jerzy<br \/>\nSarata Rafa\u0142<br \/>\nStrz\u0119p Jolanta<br \/>\nSzczypta Adam<\/p>\n","protected":false},"excerpt":{"rendered":"<p>Bryja Aleksandra Cicho\u0144 Daniel Gaj Mariusz Hajnos Kacper Jar\u00f3g Mateusz Jazgar Dominik Klimek Krzysztof Komperda Patrycja Kubacka Mateusz Monka Marcin Niemczykiewicz Klaudia Piwka Norbert Pro\u015bba Dawid P\u0119ka\u0142a Bart\u0142omiej Repelowicz Jerzy Sarata Rafa\u0142 Strz\u0119p Jolanta Szczypta Adam<\/p>\n","protected":false},"author":1,"featured_media":0,"parent":0,"menu_order":0,"comment_status":"closed","ping_status":"closed","template":"","meta":[],"_links":{"self":[{"href":"https:\/\/zs1-projekty.nowotarski.edu.pl\/bournemouth2018\/index.php\/wp-json\/wp\/v2\/pages\/117"}],"collection":[{"href":"https:\/\/zs1-projekty.nowotarski.edu.pl\/bournemouth2018\/index.php\/wp-json\/wp\/v2\/pages"}],"about":[{"href":"https:\/\/zs1-projekty.nowotarski.edu.pl\/bournemouth2018\/index.php\/wp-json\/wp\/v2\/types\/page"}],"author":[{"embeddable":true,"href":"https:\/\/zs1-projekty.nowotarski.edu.pl\/bournemouth2018\/index.php\/wp-json\/wp\/v2\/users\/1"}],"replies":[{"embeddable":true,"href":"https:\/\/zs1-projekty.nowotarski.edu.pl\/bournemouth2018\/index.php\/wp-json\/wp\/v2\/comments?post=117"}],"version-history":[{"count":42,"href":"https:\/\/zs1-projekty.nowotarski.edu.pl\/bournemouth2018\/index.php\/wp-json\/wp\/v2\/pages\/117\/revisions"}],"predecessor-version":[{"id":1213,"href":"https:\/\/zs1-projekty.nowotarski.edu.pl\/bournemouth2018\/index.php\/wp-json\/wp\/v2\/pages\/117\/revisions\/1213"}],"wp:attachment":[{"href":"https:\/\/zs1-projekty.nowotarski.edu.pl\/bournemouth2018\/index.php\/wp-json\/wp\/v2\/media?parent=117"}],"curies":[{"name":"wp","href":"https:\/\/api.w.org\/{rel}","templated":true}]}}