{"id":119,"date":"2018-02-03T20:04:44","date_gmt":"2018-02-03T19:04:44","guid":{"rendered":"http:\/\/zs1.nowotarski.pl\/projekty\/bournemouth2018\/?page_id=119"},"modified":"2018-02-04T22:32:18","modified_gmt":"2018-02-04T21:32:18","slug":"regulamin-rekrutacji","status":"publish","type":"page","link":"https:\/\/zs1-projekty.nowotarski.edu.pl\/bournemouth2018\/index.php\/regulamin-rekrutacji\/","title":{"rendered":"Regulamin rekrutacji"},"content":{"rendered":"<p><strong>Regulamin rekrutacji uczestnik\u00f3w do projektu praktyk zawodowych w ramach programu PO WER na zasadach Erasmus+ finansowanego przez\u00a0 Europejski Fundusz Spo\u0142eczny<\/strong><\/p>\n<p><strong>Rekrutacja w roku 2017 dotyczy:<\/strong><br \/>\nA) 18 uczni\u00f3w\u00a0 \u2013 wyjazd na 4 \u2013 tygodniowe praktyki zawodowe do Wielkiej Brytanii,<br \/>\nB) 18 uczni\u00f3w\u00a0 \u2013 wyjazd na 4 \u2013 tygodniowe praktyki zawodowe do W\u0142och.<\/p>\n<p>Projekt praktyk zawodowych\u00a0 jest skierowany g\u0142\u00f3wnie do uczni\u00f3w klas III Technikum.<br \/>\nLista kandydat\u00f3w mo\u017ce by\u0107 uzupe\u0142niona najlepszymi uczniami z klasy II lub IV<br \/>\nw sytuacji braku odpowiednich kandydat\u00f3w w klasach trzecich.<br \/>\nCelem zakwalifikowania grupy uczni\u00f3w na wyjazd powo\u0142uje si\u0119 Komisj\u0119 Rekrutacyjn\u0105,<br \/>\nkt\u00f3ra sk\u0142ada si\u0119 z Dyrektora Szko\u0142y, wychowawc\u00f3w klas, nauczycieli j\u0119zyka angielskiego ucz\u0105cych w danych klasach, nauczycieli przedmiot\u00f3w zawodowych, przedstawiciela Samorz\u0105du Uczniowskiego.<br \/>\nPrzewodnicz\u0105cym Komisji Rekrutacyjnej jest Dyrektor Szko\u0142y.<\/p>\n<p>Rekrutacja przeprowadzona jest w dw\u00f3ch etapach:<br \/>\nA) etap wst\u0119pny we wrze\u015bniu 2017<br \/>\nB) etap ostateczny \u2013 luty 2018<\/p>\n<p>Ad. A)<br \/>\nPo dokonaniu analizy ocen z klasyfikacji ko\u0144coworocznej\u00a0 w roku szkolnym 2016\/2017 Komisja Rekrutacyjna og\u0142asza we wrze\u015bniu 2017 list\u0119 kandydat\u00f3w na wyjazd w liczbie 20 uczni\u00f3w odno\u015bnie wyjazdu do Wielkiej Brytanii oraz 20 uczni\u00f3w do W\u0142och.<br \/>\nKandydaci do wyjazdu za granic\u0119 powinni by\u0107 ch\u0119tni do podj\u0119cia wyzwa\u0144, ambitni,<br \/>\nposiada\u0107\u00a0 dobre przygotowanie j\u0119zykowe i zawodowe oraz winni charakteryzowa\u0107<br \/>\nsi\u0119 umiej\u0119tno\u015bci\u0105 wsp\u00f3\u0142pracy w grupie, kole\u017ce\u0144sko\u015bci\u0105, jak r\u00f3wnie\u017c zaanga\u017cowaniem w pracy na rzecz klasy i szko\u0142y.<\/p>\n<p>Podstawowymi kryteriami wyboru s\u0105:<br \/>\nA. \u015arednia z przedmiot\u00f3w zawodowych,<br \/>\nB. Ocena z j\u0119zyka angielskiego,<br \/>\nC. Ocena\u00a0 umiej\u0119tno\u015bci komunikacyjnych w j\u0119zyku angielskim.<\/p>\n<p>Baz\u0105 rankingu b\u0119dzie wyliczony wska\u017anik rekrutacji\u00a0 W\u00a0\u00a0 i\u00a0 ocena punktowa:<br \/>\nW = Ax8 + Bx4 + Cx6<br \/>\n\u015arednia ocena z przedmiot\u00f3w zawodowych:<br \/>\nA x 8 &#8211; Max. 6 x 8 = 48 pkt.<br \/>\nJ\u0119zyk angielski:<br \/>\nB x 4\u00a0&#8211; Max. 6 x 4 = 24 pkt.<br \/>\nJ\u0119zyk angielski (komunikacja):<br \/>\nC x 6\u00a0&#8211; Max. 6 x 6 = 36 pkt.<br \/>\n\u0141\u0105cznie:<br \/>\nMax. 108 pkt.<\/p>\n<p>Warunkiem koniecznym\u00a0 do zakwalifikowania si\u0119 do grupy kandydat\u00f3w jest nienaganne zachowanie (rekomendacja wychowawcy).<br \/>\nW przypadku r\u00f3wnej ilo\u015bci punkt\u00f3w decyduj\u0105cym czynnikiem jest ocena z umiej\u0119tno\u015bci komunikacji w j\u0119zyku angielskim. Zaanga\u017cowana postawa uczniowska mo\u017ce stanowi\u0107 kolejny etap oceny. Wszyscy kandydaci\u00a0 s\u0105 zobowi\u0105zani do udzia\u0142u w zaj\u0119ciach przygotowawczych.<\/p>\n<p>Ad. B)<br \/>\nW lutym 2018 Komisja Rekrutacyjna ponownie oceni:<br \/>\nFrekwencj\u0119 na zaj\u0119ciach przygotowawczych (wymagane 90% obecno\u015bci),<br \/>\nOceny na koniec I semestru i \u015bredni\u0105 ocen w II semestrze,<br \/>\nPost\u0119p w umiej\u0119tno\u015bciach j\u0119zykowych,<br \/>\nZagro\u017cenia wystawienia oceny niedostatecznej na koniec roku szkolnego.<\/p>\n<p>Po\u00a0 analizie powy\u017cszych czynnik\u00f3w Komisja Rekrutacyjna og\u0142osi ostateczn\u0105 list\u0119 uczestnik\u00f3w, kt\u00f3rzy wyjad\u0105 na praktyki zawodowe.<br \/>\nUczniowie mog\u0105 odwo\u0142a\u0107 si\u0119 od decyzji Komisji Rekrutacyjnej w trybie pisemnym w ci\u0105gu tygodnia od og\u0142oszenia wynik\u00f3w. Dotyczy to zar\u00f3wno fazy wst\u0119pnej we wrze\u015bniu 2017, jak i fazy ostatecznej w lutym 2018. Komisja Rekrutacyjna ustosunkowuje si\u0119 do odwo\u0142ania ucznia w terminie jednego tygodnia.<\/p>\n","protected":false},"excerpt":{"rendered":"<p>Regulamin rekrutacji uczestnik\u00f3w do projektu praktyk zawodowych w ramach programu PO WER na zasadach Erasmus+ finansowanego przez\u00a0 Europejski Fundusz Spo\u0142eczny Rekrutacja w roku 2017 dotyczy: A) 18 uczni\u00f3w\u00a0 \u2013 wyjazd na 4 \u2013 tygodniowe praktyki zawodowe do Wielkiej Brytanii, B) 18 uczni\u00f3w\u00a0 \u2013 wyjazd na 4 \u2013 tygodniowe praktyki zawodowe do W\u0142och. Projekt praktyk zawodowych\u00a0 jest skierowany g\u0142\u00f3wnie do uczni\u00f3w klas III Technikum. Lista kandydat\u00f3w mo\u017ce by\u0107 uzupe\u0142niona najlepszymi uczniami z klasy II lub IV w sytuacji braku odpowiednich kandydat\u00f3w w klasach trzecich. Celem zakwalifikowania grupy uczni\u00f3w na wyjazd powo\u0142uje si\u0119 Komisj\u0119 Rekrutacyjn\u0105, kt\u00f3ra sk\u0142ada si\u0119 z Dyrektora Szko\u0142y, wychowawc\u00f3w &hellip; <\/p>\n","protected":false},"author":1,"featured_media":0,"parent":0,"menu_order":0,"comment_status":"closed","ping_status":"closed","template":"","meta":[],"_links":{"self":[{"href":"https:\/\/zs1-projekty.nowotarski.edu.pl\/bournemouth2018\/index.php\/wp-json\/wp\/v2\/pages\/119"}],"collection":[{"href":"https:\/\/zs1-projekty.nowotarski.edu.pl\/bournemouth2018\/index.php\/wp-json\/wp\/v2\/pages"}],"about":[{"href":"https:\/\/zs1-projekty.nowotarski.edu.pl\/bournemouth2018\/index.php\/wp-json\/wp\/v2\/types\/page"}],"author":[{"embeddable":true,"href":"https:\/\/zs1-projekty.nowotarski.edu.pl\/bournemouth2018\/index.php\/wp-json\/wp\/v2\/users\/1"}],"replies":[{"embeddable":true,"href":"https:\/\/zs1-projekty.nowotarski.edu.pl\/bournemouth2018\/index.php\/wp-json\/wp\/v2\/comments?post=119"}],"version-history":[{"count":6,"href":"https:\/\/zs1-projekty.nowotarski.edu.pl\/bournemouth2018\/index.php\/wp-json\/wp\/v2\/pages\/119\/revisions"}],"predecessor-version":[{"id":144,"href":"https:\/\/zs1-projekty.nowotarski.edu.pl\/bournemouth2018\/index.php\/wp-json\/wp\/v2\/pages\/119\/revisions\/144"}],"wp:attachment":[{"href":"https:\/\/zs1-projekty.nowotarski.edu.pl\/bournemouth2018\/index.php\/wp-json\/wp\/v2\/media?parent=119"}],"curies":[{"name":"wp","href":"https:\/\/api.w.org\/{rel}","templated":true}]}}