{"id":281,"date":"2018-04-11T19:23:34","date_gmt":"2018-04-11T17:23:34","guid":{"rendered":"http:\/\/zs1.nowotarski.pl\/projekty\/bournemouth2018\/?page_id=281"},"modified":"2018-05-07T01:25:26","modified_gmt":"2018-05-06T23:25:26","slug":"londyn","status":"publish","type":"page","link":"https:\/\/zs1-projekty.nowotarski.edu.pl\/bournemouth2018\/index.php\/londyn\/","title":{"rendered":"Londyn"},"content":{"rendered":"<p>Niedzielny poranek w Bournemouth &#8211; deszczowa pogoda i pobudka lekko przed 6 aby przygotowa\u0107 si\u0119 do wycieczki. W autobusie tradycyjnie ka\u017cdy skorzysta\u0142 z okazji na drzemk\u0119, a na miejsce dotarli\u015bmy oko\u0142o 10. Wysiedli\u015bmy tu\u017c obok wielkiego London Eye, z kt\u00f3rego us\u0142ug nie mieli\u015bmy okazji skorzysta\u0107.<\/p>\n<p>Nast\u0119pnie skierowali\u015bmy si\u0119 w stron\u0119 Big Ben&#8217;a. Przeszli\u015bmy przez Trafalgar Square i dostali\u015bmy godzin\u0119 czasu wolnego na zwiedzenie Chinatown. Mie\u015bci si\u0119 tam wiele chi\u0144skich sklep\u00f3w, restauracji, piekarni i innych prowadzonych przez Chi\u0144czyk\u00f3w przedsi\u0119biorstw. Jednym s\u0142owem jest to centrum kulturalne i finansowe chi\u0144skiej mniejszo\u015bci zamieszkuj\u0105cej w Londynie.<\/p>\n<p>W naszym rozk\u0142adzie pozosta\u0142 tylko Tower Bridge, kt\u00f3ry przecina rzek\u0119 Tamiz\u0119 i znajduje si\u0119 w pobli\u017cu Tower of London &#8211; naszego nast\u0119pnego punktu zwiedzania. Dotarli\u015bmy do zamku o 14;30 i sp\u0119dzili\u015bmy tam 2 godziny. Mieli\u015bmy okazj\u0119 zobaczy\u0107 \u015bredniowieczne fortyfikacje, ich wn\u0119trza oraz wiele wiele wi\u0119cej. Nasz\u0105 uwag\u0119 przyku\u0142y kruki, nie ba\u0142y si\u0119 ludzi i siedzia\u0142y spokojnie na por\u0119czach daj\u0105c si\u0119 fotografowa\u0107.\u00a0Mieli\u015bmy tak\u017ce okazj\u0119 zwiedzi\u0107 zbrojowni\u0119, oraz zapozna\u0107 si\u0119 z podziemiami zamku.<\/p>\n<p>Nieopodal zamku cumowa\u0142 tak\u017ce brytyjski okr\u0119t-muzeum HMS Belfast. Kr\u0105\u017cownik ten posiada ponad 11 tysi\u0119cy ton wyporno\u015bci, zosta\u0142 zwodowany w 1938 roku. Niestety nie mieli\u015bmy okazji wej\u015b\u0107 na jego pok\u0142ad. O godzinie 17 przyjecha\u0142 bus kt\u00f3rym udali\u015bmy si\u0119 w drog\u0119 powrotn\u0105 do Bournemouth. Na miejscu byli\u015bmy oko\u0142o godziny 20:00.<\/p>\n\n\t\t<div id='gallery-1' class='gallery galleryid-281 gallery-columns-3 gallery-size-thumbnail gallery1'><script type=\"text\/javascript\">\r\n\/\/ <![CDATA[\r\n\tjQuery(document).ready(function () {\r\n\t\tjQuery(\".gallery1 a\").attr(\"rel\",\"gallery1\");\t\r\n\t\tjQuery('a[rel=\"gallery1\"]').colorbox({maxWidth:\"95%\", maxHeight:\"95%\",title: function(){ return jQuery(this).children().attr(\"alt\"); }, });\r\n\t});\r\n\/\/ ]]>\r\n<\/script>\n\r\n\t\t\t<style type=\"text\/css\">\r\n\t\t\t\t#cboxCurrent { display:none !important; }\r\n\t\t\t<\/style>\n<figure class=\"gallery-item\">\n<div class=\"gallery-icon\">\r\n<a href=\"https:\/\/zs1-projekty.nowotarski.edu.pl\/bournemouth2018\/wp-content\/uploads\/2018\/05\/IMG_20180428_152317.jpg\" title=\"\" rel=\"gallery1\"><img src=\"https:\/\/zs1-projekty.nowotarski.edu.pl\/bournemouth2018\/wp-content\/uploads\/2018\/05\/IMG_20180428_152317-150x150.jpg\" width=\"150\" height=\"150\" alt=\"\" \/><\/a>\r\n<\/div><\/figure><figure class=\"gallery-item\">\n<div class=\"gallery-icon\">\r\n<a href=\"https:\/\/zs1-projekty.nowotarski.edu.pl\/bournemouth2018\/wp-content\/uploads\/2018\/05\/IMG_20180428_160050.jpg\" title=\"\" rel=\"gallery1\"><img src=\"https:\/\/zs1-projekty.nowotarski.edu.pl\/bournemouth2018\/wp-content\/uploads\/2018\/05\/IMG_20180428_160050-150x150.jpg\" width=\"150\" height=\"150\" alt=\"\" \/><\/a>\r\n<\/div><\/figure><figure class=\"gallery-item\">\n<div class=\"gallery-icon\">\r\n<a href=\"https:\/\/zs1-projekty.nowotarski.edu.pl\/bournemouth2018\/wp-content\/uploads\/2018\/05\/IMG_20180428_160455.jpg\" title=\"\" rel=\"gallery1\"><img src=\"https:\/\/zs1-projekty.nowotarski.edu.pl\/bournemouth2018\/wp-content\/uploads\/2018\/05\/IMG_20180428_160455-150x150.jpg\" width=\"150\" height=\"150\" alt=\"\" \/><\/a>\r\n<\/div><\/figure><figure class=\"gallery-item\">\n<div class=\"gallery-icon\">\r\n<a href=\"https:\/\/zs1-projekty.nowotarski.edu.pl\/bournemouth2018\/wp-content\/uploads\/2018\/05\/IMG_20180428_150208.jpg\" title=\"\" rel=\"gallery1\"><img src=\"https:\/\/zs1-projekty.nowotarski.edu.pl\/bournemouth2018\/wp-content\/uploads\/2018\/05\/IMG_20180428_150208-150x150.jpg\" width=\"150\" height=\"150\" alt=\"\" \/><\/a>\r\n<\/div><\/figure><figure class=\"gallery-item\">\n<div class=\"gallery-icon\">\r\n<a href=\"https:\/\/zs1-projekty.nowotarski.edu.pl\/bournemouth2018\/wp-content\/uploads\/2018\/05\/IMG_20180428_150156.jpg\" title=\"\" rel=\"gallery1\"><img src=\"https:\/\/zs1-projekty.nowotarski.edu.pl\/bournemouth2018\/wp-content\/uploads\/2018\/05\/IMG_20180428_150156-150x150.jpg\" width=\"150\" height=\"150\" alt=\"\" \/><\/a>\r\n<\/div><\/figure><figure class=\"gallery-item\">\n<div class=\"gallery-icon\">\r\n<a href=\"https:\/\/zs1-projekty.nowotarski.edu.pl\/bournemouth2018\/wp-content\/uploads\/2018\/05\/IMG_20180428_144134.jpg\" title=\"\" rel=\"gallery1\"><img src=\"https:\/\/zs1-projekty.nowotarski.edu.pl\/bournemouth2018\/wp-content\/uploads\/2018\/05\/IMG_20180428_144134-150x150.jpg\" width=\"150\" height=\"150\" alt=\"\" \/><\/a>\r\n<\/div><\/figure><figure class=\"gallery-item\">\n<div class=\"gallery-icon\">\r\n<a href=\"https:\/\/zs1-projekty.nowotarski.edu.pl\/bournemouth2018\/wp-content\/uploads\/2018\/05\/IMG_20180428_145442.jpg\" title=\"\" rel=\"gallery1\"><img src=\"https:\/\/zs1-projekty.nowotarski.edu.pl\/bournemouth2018\/wp-content\/uploads\/2018\/05\/IMG_20180428_145442-150x150.jpg\" width=\"150\" height=\"150\" alt=\"\" \/><\/a>\r\n<\/div><\/figure><figure class=\"gallery-item\">\n<div class=\"gallery-icon\">\r\n<a href=\"https:\/\/zs1-projekty.nowotarski.edu.pl\/bournemouth2018\/wp-content\/uploads\/2018\/05\/IMG_20180428_143046.jpg\" title=\"\" rel=\"gallery1\"><img src=\"https:\/\/zs1-projekty.nowotarski.edu.pl\/bournemouth2018\/wp-content\/uploads\/2018\/05\/IMG_20180428_143046-150x150.jpg\" width=\"150\" height=\"150\" alt=\"\" \/><\/a>\r\n<\/div><\/figure><figure class=\"gallery-item\">\n<div class=\"gallery-icon\">\r\n<a href=\"https:\/\/zs1-projekty.nowotarski.edu.pl\/bournemouth2018\/wp-content\/uploads\/2018\/05\/IMG_20180428_130927.jpg\" title=\"\" rel=\"gallery1\"><img src=\"https:\/\/zs1-projekty.nowotarski.edu.pl\/bournemouth2018\/wp-content\/uploads\/2018\/05\/IMG_20180428_130927-150x150.jpg\" width=\"150\" height=\"150\" alt=\"\" \/><\/a>\r\n<\/div><\/figure>\r\n\t\t<\/div>\n\n","protected":false},"excerpt":{"rendered":"<p>Niedzielny poranek w Bournemouth &#8211; deszczowa pogoda i pobudka lekko przed 6 aby przygotowa\u0107 si\u0119 do wycieczki. W autobusie tradycyjnie ka\u017cdy skorzysta\u0142 z okazji na drzemk\u0119, a na miejsce dotarli\u015bmy oko\u0142o 10. Wysiedli\u015bmy tu\u017c obok wielkiego London Eye, z kt\u00f3rego us\u0142ug nie mieli\u015bmy okazji skorzysta\u0107. Nast\u0119pnie skierowali\u015bmy si\u0119 w stron\u0119 Big Ben&#8217;a. Przeszli\u015bmy przez Trafalgar Square i dostali\u015bmy godzin\u0119 czasu wolnego na zwiedzenie Chinatown. Mie\u015bci si\u0119 tam wiele chi\u0144skich sklep\u00f3w, restauracji, piekarni i innych prowadzonych przez Chi\u0144czyk\u00f3w przedsi\u0119biorstw. Jednym s\u0142owem jest to centrum kulturalne i finansowe chi\u0144skiej mniejszo\u015bci zamieszkuj\u0105cej w Londynie. W naszym rozk\u0142adzie pozosta\u0142 tylko Tower Bridge, kt\u00f3ry przecina &hellip; <\/p>\n","protected":false},"author":1,"featured_media":0,"parent":0,"menu_order":0,"comment_status":"closed","ping_status":"closed","template":"","meta":[],"_links":{"self":[{"href":"https:\/\/zs1-projekty.nowotarski.edu.pl\/bournemouth2018\/index.php\/wp-json\/wp\/v2\/pages\/281"}],"collection":[{"href":"https:\/\/zs1-projekty.nowotarski.edu.pl\/bournemouth2018\/index.php\/wp-json\/wp\/v2\/pages"}],"about":[{"href":"https:\/\/zs1-projekty.nowotarski.edu.pl\/bournemouth2018\/index.php\/wp-json\/wp\/v2\/types\/page"}],"author":[{"embeddable":true,"href":"https:\/\/zs1-projekty.nowotarski.edu.pl\/bournemouth2018\/index.php\/wp-json\/wp\/v2\/users\/1"}],"replies":[{"embeddable":true,"href":"https:\/\/zs1-projekty.nowotarski.edu.pl\/bournemouth2018\/index.php\/wp-json\/wp\/v2\/comments?post=281"}],"version-history":[{"count":5,"href":"https:\/\/zs1-projekty.nowotarski.edu.pl\/bournemouth2018\/index.php\/wp-json\/wp\/v2\/pages\/281\/revisions"}],"predecessor-version":[{"id":1215,"href":"https:\/\/zs1-projekty.nowotarski.edu.pl\/bournemouth2018\/index.php\/wp-json\/wp\/v2\/pages\/281\/revisions\/1215"}],"wp:attachment":[{"href":"https:\/\/zs1-projekty.nowotarski.edu.pl\/bournemouth2018\/index.php\/wp-json\/wp\/v2\/media?parent=281"}],"curies":[{"name":"wp","href":"https:\/\/api.w.org\/{rel}","templated":true}]}}