{"id":432,"date":"2018-04-19T00:43:14","date_gmt":"2018-04-18T22:43:14","guid":{"rendered":"http:\/\/zs1.nowotarski.pl\/projekty\/bournemouth2018\/?page_id=432"},"modified":"2018-05-07T01:34:41","modified_gmt":"2018-05-06T23:34:41","slug":"dorset-reclaim","status":"publish","type":"page","link":"https:\/\/zs1-projekty.nowotarski.edu.pl\/bournemouth2018\/index.php\/dorset-reclaim\/","title":{"rendered":"Dorset Reclaim"},"content":{"rendered":"<p>Dorset Reclaim to firma charytatywna zajmuj\u0105ca si\u0119 zbieraniem rzeczy zwi\u0105zanych z domem, na przyk\u0142ad r\u00f3\u017cnego rodzaju mebli, urz\u0105dze\u0144 kuchennych, materacy itp. Mieszka\u0144cy Bournemouth oddaj\u0105 za darmo rzeczy, kt\u00f3re s\u0105 im niepotrzebne. Dorset Reclaim je gromadzi w ogromnym magazynie, a nast\u0119pnie sprzedaje osobom z najubo\u017cszej warstwy spo\u0142ecznej oraz niepe\u0142nosprawnym uzyskuj\u0105c w ten spos\u00f3b fundusze na cele charytatywne. Cz\u0119\u015b\u0107 rzeczy jest te\u017c nieodp\u0142atnie przekazywana potrzebuj\u0105cym. Pracuje tutaj kilkana\u015bcie os\u00f3b &#8211;\u00a0 wolontariuszy.<\/p>\n<p>Sta\u017cy\u015bci: Bart\u0142omiej P\u0119ka\u0142a<\/p>\n\n\t\t<div id='gallery-1' class='gallery galleryid-432 gallery-columns-3 gallery-size-thumbnail gallery1'><script type=\"text\/javascript\">\r\n\/\/ <![CDATA[\r\n\tjQuery(document).ready(function () {\r\n\t\tjQuery(\".gallery1 a\").attr(\"rel\",\"gallery1\");\t\r\n\t\tjQuery('a[rel=\"gallery1\"]').colorbox({maxWidth:\"95%\", maxHeight:\"95%\",title: function(){ return jQuery(this).children().attr(\"alt\"); }, });\r\n\t});\r\n\/\/ ]]>\r\n<\/script>\n\r\n\t\t\t<style type=\"text\/css\">\r\n\t\t\t\t#cboxCurrent { display:none !important; }\r\n\t\t\t<\/style>\n<figure class=\"gallery-item\">\n<div class=\"gallery-icon\">\r\n<a href=\"https:\/\/zs1-projekty.nowotarski.edu.pl\/bournemouth2018\/wp-content\/uploads\/2018\/04\/20180410_132537.jpg\" title=\"\" rel=\"gallery1\"><img src=\"https:\/\/zs1-projekty.nowotarski.edu.pl\/bournemouth2018\/wp-content\/uploads\/2018\/04\/20180410_132537-150x150.jpg\" width=\"150\" height=\"150\" alt=\"\" \/><\/a>\r\n<\/div><\/figure><figure class=\"gallery-item\">\n<div class=\"gallery-icon\">\r\n<a href=\"https:\/\/zs1-projekty.nowotarski.edu.pl\/bournemouth2018\/wp-content\/uploads\/2018\/04\/20180426_082430.jpg\" title=\"\" rel=\"gallery1\"><img src=\"https:\/\/zs1-projekty.nowotarski.edu.pl\/bournemouth2018\/wp-content\/uploads\/2018\/04\/20180426_082430-150x150.jpg\" width=\"150\" height=\"150\" alt=\"\" \/><\/a>\r\n<\/div><\/figure><figure class=\"gallery-item\">\n<div class=\"gallery-icon\">\r\n<a href=\"https:\/\/zs1-projekty.nowotarski.edu.pl\/bournemouth2018\/wp-content\/uploads\/2018\/04\/20180426_083511.jpg\" title=\"\" rel=\"gallery1\"><img src=\"https:\/\/zs1-projekty.nowotarski.edu.pl\/bournemouth2018\/wp-content\/uploads\/2018\/04\/20180426_083511-150x150.jpg\" width=\"150\" height=\"150\" alt=\"\" \/><\/a>\r\n<\/div><\/figure><figure class=\"gallery-item\">\n<div class=\"gallery-icon\">\r\n<a href=\"https:\/\/zs1-projekty.nowotarski.edu.pl\/bournemouth2018\/wp-content\/uploads\/2018\/04\/20180426_083515.jpg\" title=\"\" rel=\"gallery1\"><img src=\"https:\/\/zs1-projekty.nowotarski.edu.pl\/bournemouth2018\/wp-content\/uploads\/2018\/04\/20180426_083515-150x150.jpg\" width=\"150\" height=\"150\" alt=\"\" \/><\/a>\r\n<\/div><\/figure><figure class=\"gallery-item\">\n<div class=\"gallery-icon\">\r\n<a href=\"https:\/\/zs1-projekty.nowotarski.edu.pl\/bournemouth2018\/wp-content\/uploads\/2018\/04\/20180426_134338.jpg\" title=\"\" rel=\"gallery1\"><img src=\"https:\/\/zs1-projekty.nowotarski.edu.pl\/bournemouth2018\/wp-content\/uploads\/2018\/04\/20180426_134338-150x150.jpg\" width=\"150\" height=\"150\" alt=\"\" \/><\/a>\r\n<\/div><\/figure><figure class=\"gallery-item\">\n<div class=\"gallery-icon\">\r\n<a href=\"https:\/\/zs1-projekty.nowotarski.edu.pl\/bournemouth2018\/wp-content\/uploads\/2018\/04\/20180426_134348.jpg\" title=\"\" rel=\"gallery1\"><img src=\"https:\/\/zs1-projekty.nowotarski.edu.pl\/bournemouth2018\/wp-content\/uploads\/2018\/04\/20180426_134348-150x150.jpg\" width=\"150\" height=\"150\" alt=\"\" \/><\/a>\r\n<\/div><\/figure><figure class=\"gallery-item\">\n<div class=\"gallery-icon\">\r\n<a href=\"https:\/\/zs1-projekty.nowotarski.edu.pl\/bournemouth2018\/wp-content\/uploads\/2018\/04\/20180426_134406.jpg\" title=\"\" rel=\"gallery1\"><img src=\"https:\/\/zs1-projekty.nowotarski.edu.pl\/bournemouth2018\/wp-content\/uploads\/2018\/04\/20180426_134406-150x150.jpg\" width=\"150\" height=\"150\" alt=\"\" \/><\/a>\r\n<\/div><\/figure><figure class=\"gallery-item\">\n<div class=\"gallery-icon\">\r\n<a href=\"https:\/\/zs1-projekty.nowotarski.edu.pl\/bournemouth2018\/wp-content\/uploads\/2018\/04\/20180426_134410.jpg\" title=\"\" rel=\"gallery1\"><img src=\"https:\/\/zs1-projekty.nowotarski.edu.pl\/bournemouth2018\/wp-content\/uploads\/2018\/04\/20180426_134410-150x150.jpg\" width=\"150\" height=\"150\" alt=\"\" \/><\/a>\r\n<\/div><\/figure><figure class=\"gallery-item\">\n<div class=\"gallery-icon\">\r\n<a href=\"https:\/\/zs1-projekty.nowotarski.edu.pl\/bournemouth2018\/wp-content\/uploads\/2018\/04\/20180426_145722.jpg\" title=\"\" rel=\"gallery1\"><img src=\"https:\/\/zs1-projekty.nowotarski.edu.pl\/bournemouth2018\/wp-content\/uploads\/2018\/04\/20180426_145722-150x150.jpg\" width=\"150\" height=\"150\" alt=\"\" \/><\/a>\r\n<\/div><\/figure>\r\n\t\t<\/div>\n\n<p>&nbsp;<\/p>\n","protected":false},"excerpt":{"rendered":"<p>Dorset Reclaim to firma charytatywna zajmuj\u0105ca si\u0119 zbieraniem rzeczy zwi\u0105zanych z domem, na przyk\u0142ad r\u00f3\u017cnego rodzaju mebli, urz\u0105dze\u0144 kuchennych, materacy itp. Mieszka\u0144cy Bournemouth oddaj\u0105 za darmo rzeczy, kt\u00f3re s\u0105 im niepotrzebne. Dorset Reclaim je gromadzi w ogromnym magazynie, a nast\u0119pnie sprzedaje osobom z najubo\u017cszej warstwy spo\u0142ecznej oraz niepe\u0142nosprawnym uzyskuj\u0105c w ten spos\u00f3b fundusze na cele charytatywne. Cz\u0119\u015b\u0107 rzeczy jest te\u017c nieodp\u0142atnie przekazywana potrzebuj\u0105cym. Pracuje tutaj kilkana\u015bcie os\u00f3b &#8211;\u00a0 wolontariuszy. Sta\u017cy\u015bci: Bart\u0142omiej P\u0119ka\u0142a &nbsp;<\/p>\n","protected":false},"author":1,"featured_media":0,"parent":0,"menu_order":0,"comment_status":"closed","ping_status":"closed","template":"","meta":[],"_links":{"self":[{"href":"https:\/\/zs1-projekty.nowotarski.edu.pl\/bournemouth2018\/index.php\/wp-json\/wp\/v2\/pages\/432"}],"collection":[{"href":"https:\/\/zs1-projekty.nowotarski.edu.pl\/bournemouth2018\/index.php\/wp-json\/wp\/v2\/pages"}],"about":[{"href":"https:\/\/zs1-projekty.nowotarski.edu.pl\/bournemouth2018\/index.php\/wp-json\/wp\/v2\/types\/page"}],"author":[{"embeddable":true,"href":"https:\/\/zs1-projekty.nowotarski.edu.pl\/bournemouth2018\/index.php\/wp-json\/wp\/v2\/users\/1"}],"replies":[{"embeddable":true,"href":"https:\/\/zs1-projekty.nowotarski.edu.pl\/bournemouth2018\/index.php\/wp-json\/wp\/v2\/comments?post=432"}],"version-history":[{"count":5,"href":"https:\/\/zs1-projekty.nowotarski.edu.pl\/bournemouth2018\/index.php\/wp-json\/wp\/v2\/pages\/432\/revisions"}],"predecessor-version":[{"id":1229,"href":"https:\/\/zs1-projekty.nowotarski.edu.pl\/bournemouth2018\/index.php\/wp-json\/wp\/v2\/pages\/432\/revisions\/1229"}],"wp:attachment":[{"href":"https:\/\/zs1-projekty.nowotarski.edu.pl\/bournemouth2018\/index.php\/wp-json\/wp\/v2\/media?parent=432"}],"curies":[{"name":"wp","href":"https:\/\/api.w.org\/{rel}","templated":true}]}}