{"id":441,"date":"2018-04-19T21:03:14","date_gmt":"2018-04-19T19:03:14","guid":{"rendered":"http:\/\/zs1.nowotarski.pl\/projekty\/bournemouth2018\/?page_id=441"},"modified":"2018-04-23T23:03:48","modified_gmt":"2018-04-23T21:03:48","slug":"tk-laptop","status":"publish","type":"page","link":"https:\/\/zs1-projekty.nowotarski.edu.pl\/bournemouth2018\/index.php\/tk-laptop\/","title":{"rendered":"TK Laptop (Palmerston)"},"content":{"rendered":"<p>TK Laptop to serwis komputerowy, kt\u00f3ry zajmuje si\u0119 napraw\u0105 ka\u017cdego rodzaju sprz\u0119tu elektronicznego. W odr\u00f3\u017cnieniu od polskich serwis\u00f3w naprawia si\u0119 tu spor\u0105 ilo\u015b\u0107 MacBook\u00f3w i innych sprz\u0119t\u00f3w Apple&#8217;a, poniewa\u017c na wyspach s\u0105 du\u017co bardziej popularne. Pomimo niewielkich rozmiar\u00f3w powierzchni, serwis bardzo sprawnie funkcjonuje i naprawia sprz\u0119t szybko i w przyst\u0119pnych cenach. W\u0142a\u015bciciel jest bardzo mi\u0142y i ch\u0119tnie dzieli si\u0119 z nami jego do\u015bwiadczeniem.<\/p>\n<p>Sta\u017cy\u015bci: Jerzy Repelowicz, Adam Szczypta<\/p>\n\n\t\t<div id='gallery-1' class='gallery galleryid-441 gallery-columns-3 gallery-size-large gallery1'><script type=\"text\/javascript\">\r\n\/\/ <![CDATA[\r\n\tjQuery(document).ready(function () {\r\n\t\tjQuery(\".gallery1 a\").attr(\"rel\",\"gallery1\");\t\r\n\t\tjQuery('a[rel=\"gallery1\"]').colorbox({maxWidth:\"95%\", maxHeight:\"95%\",title: function(){ return jQuery(this).children().attr(\"alt\"); }, });\r\n\t});\r\n\/\/ ]]>\r\n<\/script>\n\r\n\t\t\t<style type=\"text\/css\">\r\n\t\t\t\t#cboxCurrent { display:none !important; }\r\n\t\t\t<\/style>\n<figure class=\"gallery-item\">\n<div class=\"gallery-icon\">\r\n<a href=\"https:\/\/zs1-projekty.nowotarski.edu.pl\/bournemouth2018\/wp-content\/uploads\/2018\/04\/20180423_165118.jpg\" title=\"\" rel=\"gallery1\"><img src=\"https:\/\/zs1-projekty.nowotarski.edu.pl\/bournemouth2018\/wp-content\/uploads\/2018\/04\/20180423_165118-1024x768.jpg\" width=\"640\" height=\"480\" alt=\"\" \/><\/a>\r\n<\/div><\/figure><figure class=\"gallery-item\">\n<div class=\"gallery-icon\">\r\n<a href=\"https:\/\/zs1-projekty.nowotarski.edu.pl\/bournemouth2018\/wp-content\/uploads\/2018\/04\/20180423_165059.jpg\" title=\"\" rel=\"gallery1\"><img src=\"https:\/\/zs1-projekty.nowotarski.edu.pl\/bournemouth2018\/wp-content\/uploads\/2018\/04\/20180423_165059-1024x768.jpg\" width=\"640\" height=\"480\" alt=\"\" \/><\/a>\r\n<\/div><\/figure><figure class=\"gallery-item\">\n<div class=\"gallery-icon\">\r\n<a href=\"https:\/\/zs1-projekty.nowotarski.edu.pl\/bournemouth2018\/wp-content\/uploads\/2018\/04\/20180423_165041.jpg\" title=\"\" rel=\"gallery1\"><img src=\"https:\/\/zs1-projekty.nowotarski.edu.pl\/bournemouth2018\/wp-content\/uploads\/2018\/04\/20180423_165041-1024x768.jpg\" width=\"640\" height=\"480\" alt=\"\" \/><\/a>\r\n<\/div><\/figure><figure class=\"gallery-item\">\n<div class=\"gallery-icon\">\r\n<a href=\"https:\/\/zs1-projekty.nowotarski.edu.pl\/bournemouth2018\/wp-content\/uploads\/2018\/04\/20180423_150629.jpg\" title=\"\" rel=\"gallery1\"><img src=\"https:\/\/zs1-projekty.nowotarski.edu.pl\/bournemouth2018\/wp-content\/uploads\/2018\/04\/20180423_150629-1024x768.jpg\" width=\"640\" height=\"480\" alt=\"\" \/><\/a>\r\n<\/div><\/figure><figure class=\"gallery-item\">\n<div class=\"gallery-icon\">\r\n<a href=\"https:\/\/zs1-projekty.nowotarski.edu.pl\/bournemouth2018\/wp-content\/uploads\/2018\/04\/20180423_150621.jpg\" title=\"\" rel=\"gallery1\"><img src=\"https:\/\/zs1-projekty.nowotarski.edu.pl\/bournemouth2018\/wp-content\/uploads\/2018\/04\/20180423_150621-1024x768.jpg\" width=\"640\" height=\"480\" alt=\"\" \/><\/a>\r\n<\/div><\/figure><figure class=\"gallery-item\">\n<div class=\"gallery-icon\">\r\n<a href=\"https:\/\/zs1-projekty.nowotarski.edu.pl\/bournemouth2018\/wp-content\/uploads\/2018\/04\/20180423_150601.jpg\" title=\"\" rel=\"gallery1\"><img src=\"https:\/\/zs1-projekty.nowotarski.edu.pl\/bournemouth2018\/wp-content\/uploads\/2018\/04\/20180423_150601-1024x768.jpg\" width=\"640\" height=\"480\" alt=\"\" \/><\/a>\r\n<\/div><\/figure><figure class=\"gallery-item\">\n<div class=\"gallery-icon\">\r\n<a href=\"https:\/\/zs1-projekty.nowotarski.edu.pl\/bournemouth2018\/wp-content\/uploads\/2018\/04\/20180418_172221.jpg\" title=\"\" rel=\"gallery1\"><img src=\"https:\/\/zs1-projekty.nowotarski.edu.pl\/bournemouth2018\/wp-content\/uploads\/2018\/04\/20180418_172221-1024x768.jpg\" width=\"640\" height=\"480\" alt=\"\" \/><\/a>\r\n<\/div><\/figure><figure class=\"gallery-item\">\n<div class=\"gallery-icon\">\r\n<a href=\"https:\/\/zs1-projekty.nowotarski.edu.pl\/bournemouth2018\/wp-content\/uploads\/2018\/04\/20180418_172201.jpg\" title=\"\" rel=\"gallery1\"><img src=\"https:\/\/zs1-projekty.nowotarski.edu.pl\/bournemouth2018\/wp-content\/uploads\/2018\/04\/20180418_172201-1024x768.jpg\" width=\"640\" height=\"480\" alt=\"\" \/><\/a>\r\n<\/div><\/figure><figure class=\"gallery-item\">\n<div class=\"gallery-icon\">\r\n<a href=\"https:\/\/zs1-projekty.nowotarski.edu.pl\/bournemouth2018\/wp-content\/uploads\/2018\/04\/20180418_1721351.jpg\" title=\"\" rel=\"gallery1\"><img src=\"https:\/\/zs1-projekty.nowotarski.edu.pl\/bournemouth2018\/wp-content\/uploads\/2018\/04\/20180418_1721351-1024x768.jpg\" width=\"640\" height=\"480\" alt=\"\" \/><\/a>\r\n<\/div><\/figure>\r\n\t\t<\/div>\n\n","protected":false},"excerpt":{"rendered":"<p>TK Laptop to serwis komputerowy, kt\u00f3ry zajmuje si\u0119 napraw\u0105 ka\u017cdego rodzaju sprz\u0119tu elektronicznego. W odr\u00f3\u017cnieniu od polskich serwis\u00f3w naprawia si\u0119 tu spor\u0105 ilo\u015b\u0107 MacBook\u00f3w i innych sprz\u0119t\u00f3w Apple&#8217;a, poniewa\u017c na wyspach s\u0105 du\u017co bardziej popularne. Pomimo niewielkich rozmiar\u00f3w powierzchni, serwis bardzo sprawnie funkcjonuje i naprawia sprz\u0119t szybko i w przyst\u0119pnych cenach. W\u0142a\u015bciciel jest bardzo mi\u0142y i ch\u0119tnie dzieli si\u0119 z nami jego do\u015bwiadczeniem. Sta\u017cy\u015bci: Jerzy Repelowicz, Adam Szczypta<\/p>\n","protected":false},"author":1,"featured_media":0,"parent":0,"menu_order":0,"comment_status":"closed","ping_status":"closed","template":"","meta":[],"_links":{"self":[{"href":"https:\/\/zs1-projekty.nowotarski.edu.pl\/bournemouth2018\/index.php\/wp-json\/wp\/v2\/pages\/441"}],"collection":[{"href":"https:\/\/zs1-projekty.nowotarski.edu.pl\/bournemouth2018\/index.php\/wp-json\/wp\/v2\/pages"}],"about":[{"href":"https:\/\/zs1-projekty.nowotarski.edu.pl\/bournemouth2018\/index.php\/wp-json\/wp\/v2\/types\/page"}],"author":[{"embeddable":true,"href":"https:\/\/zs1-projekty.nowotarski.edu.pl\/bournemouth2018\/index.php\/wp-json\/wp\/v2\/users\/1"}],"replies":[{"embeddable":true,"href":"https:\/\/zs1-projekty.nowotarski.edu.pl\/bournemouth2018\/index.php\/wp-json\/wp\/v2\/comments?post=441"}],"version-history":[{"count":6,"href":"https:\/\/zs1-projekty.nowotarski.edu.pl\/bournemouth2018\/index.php\/wp-json\/wp\/v2\/pages\/441\/revisions"}],"predecessor-version":[{"id":692,"href":"https:\/\/zs1-projekty.nowotarski.edu.pl\/bournemouth2018\/index.php\/wp-json\/wp\/v2\/pages\/441\/revisions\/692"}],"wp:attachment":[{"href":"https:\/\/zs1-projekty.nowotarski.edu.pl\/bournemouth2018\/index.php\/wp-json\/wp\/v2\/media?parent=441"}],"curies":[{"name":"wp","href":"https:\/\/api.w.org\/{rel}","templated":true}]}}