{"id":20,"date":"2017-04-27T15:12:11","date_gmt":"2017-04-27T13:12:11","guid":{"rendered":"http:\/\/zs1.nowotarski.pl\/projekty\/rimini2017\/?page_id=20"},"modified":"2017-05-01T15:23:45","modified_gmt":"2017-05-01T13:23:45","slug":"miejsca-praktyk","status":"publish","type":"page","link":"https:\/\/zs1-projekty.nowotarski.edu.pl\/rimini2017\/miejsca-praktyk\/","title":{"rendered":"Miejsca Praktyk"},"content":{"rendered":"<h2 style=\"text-align: center;\"><strong>Podczas praktyk<br \/>\nw Rimini we W\u0142oszech w roku 2017 w ramach programu\u00a0Operacyjnego Wiedza Edukacja Rozw\u00f3j Projekt nr 2016-1-PLO1-KA102-023779<\/strong><\/h2>\n<h3 style=\"text-align: center;\">Praktyki zawodowe odby\u0142y si\u0119 w firmach<\/h3>\n<hr \/>\n<p style=\"text-align: center;\"><span style=\"color: #000000;\"><a style=\"color: #000000;\" href=\"http:\/\/zs1.nowotarski.pl\/projekty\/rimini2017\/miejsca-praktyk\/firma-1\/\" target=\"_blank\" rel=\"noopener noreferrer\">Foto Snap Shot<\/a><\/span><\/p>\n<p style=\"text-align: center;\">www.snapshotriccione.com<\/p>\n<p style=\"text-align: center;\"><span style=\"color: #000000;\"><a style=\"color: #000000;\" href=\"http:\/\/zs1.nowotarski.pl\/projekty\/rimini2017\/miejsca-praktyk\/firma-2\/\" target=\"_blank\" rel=\"noopener noreferrer\">Lady Camelot<\/a><\/span><\/p>\n<p style=\"text-align: center;\">www.ladycamelot.it<\/p>\n<p style=\"text-align: center;\"><a style=\"color: #000000;\" href=\"http:\/\/zs1.nowotarski.pl\/projekty\/rimini2017\/miejsca-praktyk\/firma-4\/\" target=\"_blank\" rel=\"noopener noreferrer\">Magic Print Serigrafia S.N.C. di Zacchini-Mainardi<\/a><\/p>\n<p style=\"text-align: center;\">www.magicprintrimini.com<\/p>\n<p style=\"text-align: center;\"><a style=\"color: #000000;\" href=\"http:\/\/zs1.nowotarski.pl\/projekty\/rimini2017\/miejsca-praktyk\/602-2\/\" target=\"_blank\" rel=\"noopener noreferrer\">Vulpinari<\/a>\u00a0MG<\/p>\n<p style=\"text-align: center;\">www.vulpinari.it<\/p>\n<p style=\"text-align: center;\"><a href=\"http:\/\/zs1.nowotarski.pl\/projekty\/rimini2017\/miejsca-praktyk\/firma-xyz2\/\" target=\"_blank\" rel=\"noopener noreferrer\">Grafiche Moderne<\/a><\/p>\n<p style=\"text-align: center;\">www.grafichemoderne.it<\/p>\n<p style=\"text-align: center;\"><a style=\"color: #000000;\" href=\"http:\/\/zs1.nowotarski.pl\/projekty\/rimini2017\/miejsca-praktyk\/firma-3\/\" target=\"_blank\" rel=\"noopener noreferrer\">EDH SRL<\/a><\/p>\n<p style=\"text-align: center;\">www.eurodiffusione.com<\/p>\n<p style=\"text-align: center;\">\u00a0<a style=\"color: #000000;\" href=\"http:\/\/zs1.nowotarski.pl\/projekty\/rimini2017\/miejsca-praktyk\/master-foto-di-micro-ricci\/\" target=\"_blank\" rel=\"noopener noreferrer\">Master Foto di Micro Ricci<\/a><\/p>\n<p style=\"text-align: center;\">www.masterfotocesena.it<\/p>\n<p style=\"text-align: center;\"><a style=\"color: #000000;\" href=\"http:\/\/zs1.nowotarski.pl\/projekty\/rimini2017\/miejsca-praktyk\/paolo-diani-studio-di-fotografia\/\" target=\"_blank\" rel=\"noopener noreferrer\">Paolo Diani Studio di Fotografia<\/a><\/p>\n<p style=\"text-align: center;\">https:\/\/www.paolodiani.com\/<\/p>\n","protected":false},"excerpt":{"rendered":"<p>Podczas praktyk w Rimini we W\u0142oszech w roku 2017 w ramach programu\u00a0Operacyjnego Wiedza Edukacja Rozw\u00f3j Projekt nr 2016-1-PLO1-KA102-023779 Praktyki zawodowe odby\u0142y si\u0119 w firmach Foto Snap Shot www.snapshotriccione.com Lady Camelot www.ladycamelot.it Magic Print Serigrafia S.N.C. di Zacchini-Mainardi www.magicprintrimini.com Vulpinari\u00a0MG www.vulpinari.it Grafiche Moderne www.grafichemoderne.it EDH SRL www.eurodiffusione.com \u00a0Master Foto di Micro Ricci www.masterfotocesena.it Paolo Diani Studio<a class=\"moretag\" href=\"https:\/\/zs1-projekty.nowotarski.edu.pl\/rimini2017\/miejsca-praktyk\/\"><span class=\"screen-reader-text\">Wi\u0119cej oMiejsca Praktyk<\/span>[&#8230;]<\/a><\/p>\n","protected":false},"author":1,"featured_media":642,"parent":0,"menu_order":0,"comment_status":"closed","ping_status":"closed","template":"template-fullwidth.php","meta":{"ngg_post_thumbnail":0},"_links":{"self":[{"href":"https:\/\/zs1-projekty.nowotarski.edu.pl\/rimini2017\/wp-json\/wp\/v2\/pages\/20"}],"collection":[{"href":"https:\/\/zs1-projekty.nowotarski.edu.pl\/rimini2017\/wp-json\/wp\/v2\/pages"}],"about":[{"href":"https:\/\/zs1-projekty.nowotarski.edu.pl\/rimini2017\/wp-json\/wp\/v2\/types\/page"}],"author":[{"embeddable":true,"href":"https:\/\/zs1-projekty.nowotarski.edu.pl\/rimini2017\/wp-json\/wp\/v2\/users\/1"}],"replies":[{"embeddable":true,"href":"https:\/\/zs1-projekty.nowotarski.edu.pl\/rimini2017\/wp-json\/wp\/v2\/comments?post=20"}],"version-history":[{"count":25,"href":"https:\/\/zs1-projekty.nowotarski.edu.pl\/rimini2017\/wp-json\/wp\/v2\/pages\/20\/revisions"}],"predecessor-version":[{"id":797,"href":"https:\/\/zs1-projekty.nowotarski.edu.pl\/rimini2017\/wp-json\/wp\/v2\/pages\/20\/revisions\/797"}],"wp:featuredmedia":[{"embeddable":true,"href":"https:\/\/zs1-projekty.nowotarski.edu.pl\/rimini2017\/wp-json\/wp\/v2\/media\/642"}],"wp:attachment":[{"href":"https:\/\/zs1-projekty.nowotarski.edu.pl\/rimini2017\/wp-json\/wp\/v2\/media?parent=20"}],"curies":[{"name":"wp","href":"https:\/\/api.w.org\/{rel}","templated":true}]}}