{"id":38,"date":"2016-10-04T14:51:41","date_gmt":"2016-10-04T12:51:41","guid":{"rendered":"http:\/\/zs1.nowotarski.pl\/projekty\/rimini2017\/?page_id=38"},"modified":"2017-04-18T22:12:52","modified_gmt":"2017-04-18T20:12:52","slug":"o-projekcie","status":"publish","type":"page","link":"https:\/\/zs1-projekty.nowotarski.edu.pl\/rimini2017\/o-projekcie\/","title":{"rendered":"O projekcie"},"content":{"rendered":"<p class=\"western\" lang=\"en-GB\" style=\"text-align: center;\"><span style=\"font-family: 'Times New Roman', serif;\"><span style=\"font-size: medium;\"><span lang=\"pl-PL\"><strong>Zesp\u00f3\u0142 Szk\u00f3\u0142 nr 1 w Nowym Targu<\/strong> opracowa\u0142 projekt zagranicznych praktyk zawodowych, kt\u00f3ry otrzyma\u0142 finansowanie z Europejskiego Funduszu Spo\u0142ecznego w ramach Programu Operacyjnego Wiedza Edukacja Rozw\u00f3j &#8211; p.t. \u201eSta\u017ce zagraniczne dla uczni\u00f3w i absolwent\u00f3w szk\u00f3\u0142 zawodowych oraz mobilno\u015b\u0107 kadry kszta\u0142cenia zawodowego\u201d<\/span><\/span><\/span><\/p>\n<hr \/>\n<h1 class=\"western\" lang=\"en-GB\" style=\"text-align: center;\"><strong><span style=\"font-family: 'Times New Roman', serif;\"><span style=\"font-size: medium;\"><span lang=\"pl-PL\">Projekt nasz (nr 2016-1-PL01-KA102-023779) obejmuje organizacj\u0119:<\/span><\/span><\/span><\/strong><\/h1>\n<p class=\"western\" lang=\"en-GB\"><span style=\"font-family: 'Times New Roman', serif;\"><span style=\"font-size: medium;\"><span lang=\"pl-PL\">a\/ 4-tygodniowych sta\u017c\u00f3w w Bournemouth w Wielkiej Brytanii dla 16 os\u00f3b w zawodzie technik informatyk, technik cyfrowych proces\u00f3w graficznych oraz fototechnik,<\/span><\/span><\/span><\/p>\n<p><span style=\"font-family: 'Times New Roman', serif;\"><span style=\"font-size: medium;\"><span lang=\"pl-PL\">b\/ 4-tygodniowych sta\u017c\u00f3w w Rimini we W\u0142oszech dla 16 os\u00f3b w zawodzie technik technologii odzie\u017cy, technik organizacji reklamy oraz fototechnik,<\/span><\/span><\/span><\/p>\n<p><span style=\"font-family: 'Times New Roman', serif;\"><span style=\"font-size: medium;\"><span lang=\"pl-PL\">c\/ mobilno\u015b\u0107 kadry kszta\u0142cenia zawodowego \u2013 job shadowing.<\/span><\/span><\/span><\/p>\n<hr \/>\n<h1 lang=\"en-GB\" style=\"text-align: center;\"><strong><span style=\"font-family: 'Times New Roman', serif; color: #000000;\"><span style=\"font-size: medium;\"><span lang=\"pl-PL\">Celem zagranicznego sta\u017cu jest :<\/span><\/span><\/span><\/strong><\/h1>\n<ul>\n<li lang=\"en-GB\"><span style=\"font-family: 'Times New Roman', serif;\"><span style=\"font-size: medium;\"><span lang=\"pl-PL\">doskonalenie kszta\u0142cenia zawodowego oraz poszerzenie wiedzy i umiej\u0119tno\u015bci uczestnik\u00f3w<\/span><\/span><\/span><\/li>\n<li lang=\"en-GB\"><span style=\"font-family: 'Times New Roman', serif;\"><span style=\"font-size: medium;\"><span lang=\"pl-PL\">zastosowanie wiedzy teoretycznej w praktyce<\/span><\/span><\/span><\/li>\n<li lang=\"en-GB\"><span style=\"font-family: 'Times New Roman', serif;\"><span style=\"font-size: medium;\"><span lang=\"pl-PL\">zaznajomienie si\u0119 uczestnik\u00f3w z technologi\u0105 stosowan\u0105 w zagranicznych firmach <\/span><\/span><\/span><\/li>\n<li lang=\"en-GB\"><span style=\"font-family: 'Times New Roman', serif;\"><span style=\"font-size: medium;\"><span lang=\"pl-PL\">zapoznanie si\u0119 ze sposobem funkcjonowania przedsi\u0119biorstw za granic\u0105<\/span><\/span><\/span><\/li>\n<li lang=\"en-GB\"><span style=\"font-family: 'Times New Roman', serif;\"><span style=\"font-size: medium;\"><span lang=\"pl-PL\">podniesienie poziomu umiej\u0119tno\u015bci w zakresie j\u0119zyka angielskiego, <\/span><\/span><\/span><span style=\"font-family: 'Times New Roman', serif;\"><span style=\"font-size: medium;\"><span lang=\"pl-PL\">a w szczeg\u00f3lno\u015bci angielskiego j\u0119zyka zawodowego <\/span><\/span><\/span><\/li>\n<li lang=\"en-GB\"><span style=\"font-family: 'Times New Roman', serif;\"><span style=\"font-size: medium;\"><span lang=\"pl-PL\">rozszerzenie horyzont\u00f3w uczestnik\u00f3w poprzez zapoznanie si\u0119 z kultur\u0105 i histori\u0105 kraj\u00f3w sta\u017c\u00f3w<\/span><\/span><\/span><\/li>\n<li lang=\"en-GB\"><span style=\"font-family: 'Times New Roman', serif;\"><span style=\"font-size: medium;\"><span lang=\"pl-PL\">nawi\u0105zanie mi\u0119dzynarodowych kontakt\u00f3w, wymiana do\u015bwiadcze\u0144 z zastosowaniem tolerancji <\/span><\/span><\/span><span style=\"font-family: 'Times New Roman', serif;\"><span style=\"font-size: medium;\"><span lang=\"pl-PL\">i szacunku dla innych narodowo\u015bci.<\/span><\/span><\/span><\/li>\n<\/ul>\n<hr \/>\n<p lang=\"en-GB\"><a name=\"_GoBack\"><\/a><span style=\"font-family: 'Times New Roman', serif;\"><span style=\"font-size: medium;\"><span lang=\"pl-PL\">Projekt rozpocz\u0105\u0142 si\u0119 przeprowadzeniem rekrutacji we wrze\u015bniu 2016. Nast\u0119pnie wybrana grupa najlepszych uczni\u00f3w wzi\u0119\u0142a udzia\u0142 w zaj\u0119ciach przygotowawczych &#8211; j\u0119zykowych i kulturowych, w wymiarze 70 godzin. Praktyki zawodowe we W\u0142oszech maj\u0105 miejsce w Rimini \u2013 oko\u0142o 150 -tysi\u0119cznym nadmorskim kurorcie na p\u00f3\u0142nocno wschodnim wybrze\u017cu Adriatyku, od 23-go kwietnia do 20-go maja 2017. Partnerem po\u015brednicz\u0105cymi w naszym projekcie jest do\u015bwiadczona instytucja: Sistema Turismo s.r.l., kt\u00f3ra odpowiada za zorganizowanie sta\u017c\u00f3w w zagranicznych firmach odzie\u017cowych, reklamowych i fotograficznych.<\/span><\/span><\/span><\/p>\n<p class=\"western\" lang=\"en-GB\"><span style=\"font-family: 'Times New Roman', serif;\"><span style=\"font-size: medium;\"><span lang=\"pl-PL\">W Rimini uczniowie mieszkaj\u0105 w pensjonacie o dobrym standardzie, w pokojach z aneksem kuchennym z wyposa\u017ceniem. Jest to bardzo wa\u017cny aspekt w zwi\u0105zku z faktem, \u017ce uczestnicy samodzielnie przygotowuj\u0105 sobie posi\u0142ki. Dodatkow\u0105 atrakcj\u0105 lokalizacji pensjonatu jest pobliska pla\u017ca.<\/span><\/span><\/span><\/p>\n<p class=\"western\" lang=\"en-GB\"><span style=\"font-family: 'Times New Roman', serif;\"><span style=\"font-size: medium;\"><span lang=\"pl-PL\">Szko\u0142a zorganizowa\u0142a wszystkie sprawy zwi\u0105zane z podr\u00f3\u017c\u0105 z Nowego Targu do Rimini i z powrotem. Uczniowie maj\u0105 te\u017c zapewniony bilet miesi\u0119czny na przejazdy lokalne w mie\u015bcie sta\u017cu. <\/span><\/span><\/span><\/p>\n<p class=\"western\" lang=\"en-GB\"><span style=\"font-family: 'Times New Roman', serif;\"><span style=\"font-size: medium;\"><span lang=\"pl-PL\">Grupie towarzyszy dw\u00f3ch opiekun\u00f3w \u2013 szkolnych nauczycieli.<\/span><\/span><\/span><\/p>\n<p class=\"western\" lang=\"en-GB\"><span style=\"font-family: 'Times New Roman', serif;\"><span style=\"font-size: medium;\"><span lang=\"pl-PL\">W soboty uczestnicy projektu wezm\u0105 udzia\u0142 w wycieczkach krajoznawczych z przewodnikiem &#8211; do Wenecji i San Marino.<\/span><\/span><\/span><\/p>\n<p class=\"western\" lang=\"en-GB\"><span style=\"font-family: 'Times New Roman', serif;\"><span style=\"font-size: medium;\"><span lang=\"pl-PL\">Po zako\u0144czeniu projektu ka\u017cdy uczestnik otrzyma mi\u0119dzynarodowy certyfikat Europass Mobility, za\u015bwiadczenie uczestnictwa oraz \u015bwiadectwo ECVET, kt\u00f3re to dokumenty s\u0105 po\u015bwiadczeniem zdobytego do\u015bwiadczenia i umiej\u0119tno\u015bci.<\/span><\/span><\/span><\/p>\n<p class=\"western\" lang=\"en-GB\"><span style=\"font-family: 'Times New Roman', serif;\"><span style=\"font-size: medium;\"><span lang=\"pl-PL\">Wszystkie powy\u017csze dzia\u0142ania finansuje Europejski Fundusz Spo\u0142eczny \u2013 Program PO WER.<\/span><\/span><\/span><\/p>\n","protected":false},"excerpt":{"rendered":"<p>Zesp\u00f3\u0142 Szk\u00f3\u0142 nr 1 w Nowym Targu opracowa\u0142 projekt zagranicznych praktyk zawodowych, kt\u00f3ry otrzyma\u0142 finansowanie z Europejskiego Funduszu Spo\u0142ecznego w ramach Programu Operacyjnego Wiedza Edukacja Rozw\u00f3j &#8211; p.t. \u201eSta\u017ce zagraniczne dla uczni\u00f3w i absolwent\u00f3w szk\u00f3\u0142 zawodowych oraz mobilno\u015b\u0107 kadry kszta\u0142cenia zawodowego\u201d Projekt nasz (nr 2016-1-PL01-KA102-023779) obejmuje organizacj\u0119: a\/ 4-tygodniowych sta\u017c\u00f3w w Bournemouth w Wielkiej Brytanii<a class=\"moretag\" href=\"https:\/\/zs1-projekty.nowotarski.edu.pl\/rimini2017\/o-projekcie\/\"><span class=\"screen-reader-text\">Wi\u0119cej oO projekcie<\/span>[&#8230;]<\/a><\/p>\n","protected":false},"author":1,"featured_media":37,"parent":0,"menu_order":0,"comment_status":"closed","ping_status":"closed","template":"template-fullwidth.php","meta":{"ngg_post_thumbnail":0},"_links":{"self":[{"href":"https:\/\/zs1-projekty.nowotarski.edu.pl\/rimini2017\/wp-json\/wp\/v2\/pages\/38"}],"collection":[{"href":"https:\/\/zs1-projekty.nowotarski.edu.pl\/rimini2017\/wp-json\/wp\/v2\/pages"}],"about":[{"href":"https:\/\/zs1-projekty.nowotarski.edu.pl\/rimini2017\/wp-json\/wp\/v2\/types\/page"}],"author":[{"embeddable":true,"href":"https:\/\/zs1-projekty.nowotarski.edu.pl\/rimini2017\/wp-json\/wp\/v2\/users\/1"}],"replies":[{"embeddable":true,"href":"https:\/\/zs1-projekty.nowotarski.edu.pl\/rimini2017\/wp-json\/wp\/v2\/comments?post=38"}],"version-history":[{"count":15,"href":"https:\/\/zs1-projekty.nowotarski.edu.pl\/rimini2017\/wp-json\/wp\/v2\/pages\/38\/revisions"}],"predecessor-version":[{"id":165,"href":"https:\/\/zs1-projekty.nowotarski.edu.pl\/rimini2017\/wp-json\/wp\/v2\/pages\/38\/revisions\/165"}],"wp:featuredmedia":[{"embeddable":true,"href":"https:\/\/zs1-projekty.nowotarski.edu.pl\/rimini2017\/wp-json\/wp\/v2\/media\/37"}],"wp:attachment":[{"href":"https:\/\/zs1-projekty.nowotarski.edu.pl\/rimini2017\/wp-json\/wp\/v2\/media?parent=38"}],"curies":[{"name":"wp","href":"https:\/\/api.w.org\/{rel}","templated":true}]}}