{"id":45,"date":"2016-10-04T14:59:48","date_gmt":"2016-10-04T12:59:48","guid":{"rendered":"http:\/\/zs1.nowotarski.pl\/projekty\/rimini2017\/?page_id=45"},"modified":"2017-04-20T12:10:51","modified_gmt":"2017-04-20T10:10:51","slug":"regulamin-rekrutacji","status":"publish","type":"page","link":"https:\/\/zs1-projekty.nowotarski.edu.pl\/rimini2017\/regulamin-rekrutacji\/","title":{"rendered":"Regulamin rekrutacji"},"content":{"rendered":"<h1 style=\"text-align: center;\"><b>Regulamin rekrutacji uczestnik\u00f3w do projektu zagranicznych praktyk zawodowych, \u00a0<\/b><b>nr 2016-1-PL01-KA102-023779 w ramach programu PO WER\u00a0<\/b><strong><b>finansowanego przez Europejski Fundusz Spo\u0142eczny<\/b><br \/>\n<\/strong><\/h1>\n<hr \/>\n<p style=\"text-align: center;\"><strong>Rekrutacja w roku 2016 dotyczy:<\/strong><\/p>\n<p><span style=\"font-weight: 400;\">&#8211; 16 uczni\u00f3w w zawodzie technik informatyk, technik cyfrowych proces\u00f3w graficznych oraz fototechnik <\/span><\/p>\n<p><span style=\"font-weight: 400;\"> \u00a0\u00a0\u00a0(maksimum 4 uczni\u00f3w) \u00a0\u2013 wyjazd na praktyki zawodowe do Wielkiej Brytanii,<\/span><\/p>\n<p><span style=\"font-weight: 400;\">&#8211; 16 uczni\u00f3w w zawodzie technik organizacji reklamy, technik technologii odzie\u017cy oraz fototechnik \u2013 wyjazd na<\/span><\/p>\n<p><span style=\"font-weight: 400;\"> \u00a0\u00a0\u00a0\u00a0praktyki do W\u0142och.<\/span><\/p>\n<p><span style=\"font-weight: 400;\">Projekt praktyk zawodowych \u00a0jest skierowany g\u0142\u00f3wnie do uczni\u00f3w klas III Technikum.<\/span><\/p>\n<p><span style=\"font-weight: 400;\">Lista kandydat\u00f3w mo\u017ce by\u0107 uzupe\u0142niona najlepszymi uczniami z klasy II lub IV \u00a0w sytuacji braku odpowiednich kandydat\u00f3w w klasach trzecich.<\/span><\/p>\n<p><span style=\"font-weight: 400;\">Celem zakwalifikowania grupy uczni\u00f3w na wyjazd powo\u0142uje si\u0119 Komisj\u0119 Rekrutacyjn\u0105, kt\u00f3ra sk\u0142ada si\u0119 <\/span><\/p>\n<p><span style=\"font-weight: 400;\">z Dyrektora Szko\u0142y, \u00a0nauczycieli j\u0119zyka angielskiego, nauczycieli przedmiot\u00f3w zawodowych, pedagoga oraz \u00a0przedstawiciela Samorz\u0105du Uczniowskiego. Przewodnicz\u0105cym Komisji Rekrutacyjnej jest Dyrektor Szko\u0142y.<\/span><\/p>\n<hr \/>\n<p><span style=\"font-weight: 400;\">Rekrutacja przeprowadzona jest w dw\u00f3ch etapach:<\/span><\/p>\n<p><span style=\"font-weight: 400;\">a\/ etap wst\u0119pny we wrze\u015bniu 2016<\/span><\/p>\n<p><span style=\"font-weight: 400;\">b\/ etap ostateczny \u2013 luty 2017<\/span><\/p>\n<hr \/>\n<p><span style=\"font-weight: 400;\">Ad a\/ <\/span><\/p>\n<p><span style=\"font-weight: 400;\">Po dokonaniu analizy ocen z klasyfikacji ko\u0144coworocznej \u00a0w roku szkolnym 2015\/2016 Komisja Rekrutacyjna og\u0142asza we wrze\u015bniu 2016 list\u0119 kandydat\u00f3w na wyjazd w liczbie maksimum 19 uczni\u00f3w na ka\u017cdy kierunek mobilno\u015bci.<\/span><\/p>\n<p><span style=\"font-weight: 400;\">Kandydaci do wyjazdu za granic\u0119 powinni by\u0107 ch\u0119tni do podj\u0119cia wyzwa\u0144, ambitni, posiada\u0107 \u00a0dobre <\/span><\/p>\n<p><span style=\"font-weight: 400;\">przygotowanie j\u0119zykowe i zawodowe oraz winni charakteryzowa\u0107 si\u0119 umiej\u0119tno\u015bci\u0105 wsp\u00f3\u0142pracy w grupie, kole\u017ce\u0144sko\u015bci\u0105, jak r\u00f3wnie\u017c zaanga\u017cowaniem w pracy na rzecz klasy i szko\u0142y. <\/span><\/p>\n<p>&nbsp;<\/p>\n<p><span style=\"font-weight: 400;\">Kryteriami wyboru s\u0105:<\/span><\/p>\n<ol>\n<li style=\"font-weight: 400;\"><span style=\"font-weight: 400;\">Zdanie egzaminu kwalifikacyjnego E.12 \u00a0z czerwca 2016 &#8211; odno\u015bnie informatyk\u00f3w,<\/span><\/li>\n<li style=\"font-weight: 400;\"><span style=\"font-weight: 400;\">Punktacja w rankingu,<\/span><\/li>\n<li style=\"font-weight: 400;\"><span style=\"font-weight: 400;\">Nienaganne zachowanie \u2013 rekomendacja wychowawcy.<\/span><\/li>\n<\/ol>\n<p>&nbsp;<\/p>\n<p><span style=\"font-weight: 400;\">Baz\u0105 rankingu b\u0119dzie wyliczony wska\u017anik rekrutacji \u00a0W \u00a0\u00a0i \u00a0ocena punktowa: W = Ax4 + Bx6 + Cx8 \u00a0\u00a0\u00a0\u00a0przy czym: <\/span><\/p>\n<p><span style=\"font-weight: 400;\"> \u00a0\u00a0\u00a0\u00a0\u00a0\u00a0\u00a0\u00a0\u00a0\u00a0A to \u00a0ocena z j\u0119zyka angielskiego,<\/span><\/p>\n<p><span style=\"font-weight: 400;\"> \u00a0\u00a0\u00a0\u00a0\u00a0\u00a0\u00a0\u00a0\u00a0\u00a0B to ocena \u00a0umiej\u0119tno\u015bci komunikacyjnych w j\u0119zyku angielskim,<\/span><\/p>\n<p><span style=\"font-weight: 400;\"> \u00a0\u00a0\u00a0\u00a0\u00a0\u00a0\u00a0\u00a0\u00a0\u00a0C to \u015brednia z przedmiot\u00f3w zawodowych,<\/span><\/p>\n<ul>\n<li style=\"font-weight: 400;\"><span style=\"font-weight: 400;\">J\u0119zyk angielski \u00a0\u00a0\u00a0\u00a0\u00a0\u00a0\u00a0\u00a0\u00a0\u00a0\u00a0\u00a0\u00a0\u00a0\u00a0\u00a0\u00a0\u00a0\u00a0\u00a0\u00a0\u00a0\u00a0\u00a0\u00a0\u00a0\u00a0\u00a0\u00a0\u00a0\u00a0\u00a0\u00a0\u00a0\u00a0\u00a0\u00a0\u00a0\u00a0\u00a0\u00a0\u00a0\u00a0\u00a0\u00a0ocena &#8211; \u00a0A x 4 \u00a0\u00a0\u00a0\u00a0max. \u00a06&#215;4=24 pkt.<\/span><\/li>\n<li style=\"font-weight: 400;\"><span style=\"font-weight: 400;\">J\u0119zyk angielski \u2013 umiej\u0119tno\u015b\u0107 komunikacji \u00a0ocena &#8211; \u00a0B x 6 \u00a0\u00a0\u00a0\u00a0max. \u00a06&#215;6=36 pkt.<\/span><\/li>\n<li style=\"font-weight: 400;\"><span style=\"font-weight: 400;\">\u015arednia ocena z przedmiot\u00f3w zawodowych \u00a0\u00a0\u00a0\u00a0\u00a0\u00a0\u00a0\u00a0\u00a0\u00a0\u00a0\u00a0\u00a0\u00a0C x 8 \u00a0\u00a0\u00a0\u00a0max. \u00a06&#215;8=48 pkt. \u00a0<\/span><\/li>\n<\/ul>\n<p><span style=\"font-weight: 400;\"> \u00a0\u00a0\u00a0\u00a0\u00a0\u00a0\u00a0\u00a0\u00a0\u00a0\u00a0\u0141\u0105cznie \u00a0\u00a0\u00a0\u00a0\u00a0\u00a0\u00a0\u00a0\u00a0\u00a0\u00a0\u00a0\u00a0\u00a0\u00a0\u00a0\u00a0\u00a0\u00a0\u00a0\u00a0\u00a0\u00a0\u00a0\u00a0\u00a0\u00a0\u00a0\u00a0\u00a0\u00a0\u00a0\u00a0\u00a0\u00a0\u00a0\u00a0\u00a0\u00a0\u00a0\u00a0\u00a0\u00a0\u00a0\u00a0\u00a0\u00a0\u00a0\u00a0\u00a0\u00a0\u00a0\u00a0\u00a0\u00a0\u00a0\u00a0\u00a0\u00a0\u00a0\u00a0\u00a0\u00a0\u00a0\u00a0\u00a0\u00a0\u00a0\u00a0\u00a0\u00a0\u00a0\u00a0\u00a0\u00a0\u00a0\u00a0\u00a0\u00a0\u00a0\u00a0\u00a0\u00a0\u00a0\u00a0max \u00a0\u00a0\u00a0\u00a0\u00a0\u00a0\u00a0\u00a0\u00a098 pkt.<\/span><\/p>\n<p><span style=\"font-weight: 400;\">Umiej\u0119tno\u015bci komunikacyjne w j\u0119zyku angielskim s\u0105 czynnikiem przewa\u017caj\u0105cym w przypadku r\u00f3wnowa\u017cnej<\/span><\/p>\n<p><span style=\"font-weight: 400;\"> ilo\u015bci punkt\u00f3w. <\/span><\/p>\n<p><span style=\"font-weight: 400;\">Kandydaci \u00a0s\u0105 zobowi\u0105zani do udzia\u0142u w zaj\u0119ciach przygotowawczych organizowanych przez szko\u0142\u0119.<\/span><\/p>\n<hr \/>\n<p><span style=\"font-weight: 400;\">Ad b\/ \u00a0&#8211; drugi etap rekrutacji<\/span><\/p>\n<p><span style=\"font-weight: 400;\">Po feriach zimowych &#8211; 2017 Komisja Rekrutacyjna ponownie oceni:<\/span><\/p>\n<ul>\n<li style=\"font-weight: 400;\"><span style=\"font-weight: 400;\">post\u0119p w umiej\u0119tno\u015bciach j\u0119zykowych<\/span><\/li>\n<li style=\"font-weight: 400;\"><span style=\"font-weight: 400;\">frekwencj\u0119 na zaj\u0119ciach przygotowawczych (wymagane 90% obecno\u015bci)<\/span><\/li>\n<li style=\"font-weight: 400;\"><span style=\"font-weight: 400;\">oceny na koniec I semestru<\/span><\/li>\n<li style=\"font-weight: 400;\"><span style=\"font-weight: 400;\">oceny cz\u0105stkowe w II semestrze i zagro\u017cenia wystawienia oceny niedostatecznej na koniec roku szkolnego<\/span><\/li>\n<li style=\"font-weight: 400;\"><span style=\"font-weight: 400;\">zachowanie i postaw\u0119 spo\u0142eczn\u0105<\/span><\/li>\n<\/ul>\n<p><span style=\"font-weight: 400;\">Po \u00a0analizie powy\u017cszych czynnik\u00f3w Komisja Rekrutacyjna og\u0142osi ostateczn\u0105 list\u0119 uczestnik\u00f3w, <\/span><\/p>\n<p><span style=\"font-weight: 400;\">kt\u00f3rzy wyjad\u0105 na praktyki zawodowe.<\/span><\/p>\n<p><span style=\"font-weight: 400;\">Uczniowie mog\u0105 odwo\u0142a\u0107 si\u0119 od decyzji Komisji Rekrutacyjnej w trybie pisemnym w ci\u0105gu tygodnia od og\u0142oszenia wynik\u00f3w. Dotyczy to zar\u00f3wno fazy wst\u0119pnej we wrze\u015bniu, jak i fazy ostatecznej w lutym. Komisja Rekrutacyjna ustosunkowuje si\u0119 do odwo\u0142ania ucznia w terminie jednego tygodnia. <\/span><\/p>\n","protected":false},"excerpt":{"rendered":"<p>Regulamin rekrutacji uczestnik\u00f3w do projektu zagranicznych praktyk zawodowych, \u00a0nr 2016-1-PL01-KA102-023779 w ramach programu PO WER\u00a0finansowanego przez Europejski Fundusz Spo\u0142eczny Rekrutacja w roku 2016 dotyczy: &#8211; 16 uczni\u00f3w w zawodzie technik informatyk, technik cyfrowych proces\u00f3w graficznych oraz fototechnik \u00a0\u00a0\u00a0(maksimum 4 uczni\u00f3w) \u00a0\u2013 wyjazd na praktyki zawodowe do Wielkiej Brytanii, &#8211; 16 uczni\u00f3w w zawodzie technik organizacji<a class=\"moretag\" href=\"https:\/\/zs1-projekty.nowotarski.edu.pl\/rimini2017\/regulamin-rekrutacji\/\"><span class=\"screen-reader-text\">Wi\u0119cej oRegulamin rekrutacji<\/span>[&#8230;]<\/a><\/p>\n","protected":false},"author":1,"featured_media":0,"parent":0,"menu_order":0,"comment_status":"closed","ping_status":"closed","template":"template-fullwidth.php","meta":{"ngg_post_thumbnail":0},"_links":{"self":[{"href":"https:\/\/zs1-projekty.nowotarski.edu.pl\/rimini2017\/wp-json\/wp\/v2\/pages\/45"}],"collection":[{"href":"https:\/\/zs1-projekty.nowotarski.edu.pl\/rimini2017\/wp-json\/wp\/v2\/pages"}],"about":[{"href":"https:\/\/zs1-projekty.nowotarski.edu.pl\/rimini2017\/wp-json\/wp\/v2\/types\/page"}],"author":[{"embeddable":true,"href":"https:\/\/zs1-projekty.nowotarski.edu.pl\/rimini2017\/wp-json\/wp\/v2\/users\/1"}],"replies":[{"embeddable":true,"href":"https:\/\/zs1-projekty.nowotarski.edu.pl\/rimini2017\/wp-json\/wp\/v2\/comments?post=45"}],"version-history":[{"count":7,"href":"https:\/\/zs1-projekty.nowotarski.edu.pl\/rimini2017\/wp-json\/wp\/v2\/pages\/45\/revisions"}],"predecessor-version":[{"id":169,"href":"https:\/\/zs1-projekty.nowotarski.edu.pl\/rimini2017\/wp-json\/wp\/v2\/pages\/45\/revisions\/169"}],"wp:attachment":[{"href":"https:\/\/zs1-projekty.nowotarski.edu.pl\/rimini2017\/wp-json\/wp\/v2\/media?parent=45"}],"curies":[{"name":"wp","href":"https:\/\/api.w.org\/{rel}","templated":true}]}}