{"id":602,"date":"2017-04-27T12:22:54","date_gmt":"2017-04-27T10:22:54","guid":{"rendered":"http:\/\/zs1.nowotarski.pl\/projekty\/rimini2017\/?page_id=602"},"modified":"2017-05-01T11:46:41","modified_gmt":"2017-05-01T09:46:41","slug":"602-2","status":"publish","type":"page","link":"https:\/\/zs1-projekty.nowotarski.edu.pl\/rimini2017\/miejsca-praktyk\/602-2\/","title":{"rendered":"Vulpinari MG"},"content":{"rendered":"<p>W firmie tej praktyki w zawodzie technik technologii odzie\u017cy odbywaj\u0105: Judyta \u0141ukasz, Justyna Kowalczyk, Natalia Kowalczyk.<\/p>\n<p>Firma sw\u0105 siedzib\u0119 posiada w Rimini.<\/p>\n<p>Firma MG Vulpinari zosta\u0142a za\u0142o\u017cona w 1969 roku przez Maria Gabriella Vulpinari, dzi\u0119ki jej pasji do mody i do\u015bwiadczenia p\u0142yn\u0105cego z krawiectwa rodzinnego. W pierwszych latach, M. G. Vulpinari koncentrowa\u0142a si\u0119 na produkcji dziewiarskiej. Obecnie, przy wsparciu Enrico Calgarini i Marco Golfieri, specjalizuje si\u0119 w produkcji og\u00f3\u0142em . Od 2001 roku firma rozpocz\u0119\u0142a wsp\u00f3\u0142prac\u0119 z projektantami takimi jak Angelos Frentzos, Nicolas and Mark, Is\u2019sei, Nicol\u00f2 Cesci Berrini, Rick Owens, Norio Nakanishi, Incanuti i inne. Dzi\u0119ki temu firma zyska\u0142a wysoki poziom jako\u015bci obs\u0142ugi klienta oraz miejsce w najlepszych butikach na ca\u0142ym \u015bwiecie.<\/p>\n<div id='gallery-1' class='gallery galleryid-602 gallery-columns-3 gallery-size-thumbnail'><figure class='gallery-item'>\n\t\t\t<div class='gallery-icon landscape'>\n\t\t\t\t<a href='https:\/\/zs1-projekty.nowotarski.edu.pl\/rimini2017\/miejsca-praktyk\/602-2\/vulpinari-1-z-6\/'><img width=\"150\" height=\"150\" src=\"https:\/\/zs1-projekty.nowotarski.edu.pl\/rimini2017\/wp-content\/uploads\/2017\/04\/Vulpinari-1-z-6-150x150.jpg\" class=\"attachment-thumbnail size-thumbnail\" alt=\"\" loading=\"lazy\" \/><\/a>\n\t\t\t<\/div><\/figure><figure class='gallery-item'>\n\t\t\t<div class='gallery-icon landscape'>\n\t\t\t\t<a href='https:\/\/zs1-projekty.nowotarski.edu.pl\/rimini2017\/miejsca-praktyk\/602-2\/vulpinari-2-z-6\/'><img width=\"150\" height=\"150\" src=\"https:\/\/zs1-projekty.nowotarski.edu.pl\/rimini2017\/wp-content\/uploads\/2017\/04\/Vulpinari-2-z-6-150x150.jpg\" class=\"attachment-thumbnail size-thumbnail\" alt=\"\" loading=\"lazy\" \/><\/a>\n\t\t\t<\/div><\/figure><figure class='gallery-item'>\n\t\t\t<div class='gallery-icon landscape'>\n\t\t\t\t<a href='https:\/\/zs1-projekty.nowotarski.edu.pl\/rimini2017\/miejsca-praktyk\/602-2\/vulpinari-3-z-6\/'><img width=\"150\" height=\"150\" src=\"https:\/\/zs1-projekty.nowotarski.edu.pl\/rimini2017\/wp-content\/uploads\/2017\/04\/Vulpinari-3-z-6-150x150.jpg\" class=\"attachment-thumbnail size-thumbnail\" alt=\"\" loading=\"lazy\" \/><\/a>\n\t\t\t<\/div><\/figure><figure class='gallery-item'>\n\t\t\t<div class='gallery-icon landscape'>\n\t\t\t\t<a href='https:\/\/zs1-projekty.nowotarski.edu.pl\/rimini2017\/miejsca-praktyk\/602-2\/vulpinari-4-z-6\/'><img width=\"150\" height=\"150\" src=\"https:\/\/zs1-projekty.nowotarski.edu.pl\/rimini2017\/wp-content\/uploads\/2017\/04\/Vulpinari-4-z-6-150x150.jpg\" class=\"attachment-thumbnail size-thumbnail\" alt=\"\" loading=\"lazy\" \/><\/a>\n\t\t\t<\/div><\/figure><figure class='gallery-item'>\n\t\t\t<div class='gallery-icon landscape'>\n\t\t\t\t<a href='https:\/\/zs1-projekty.nowotarski.edu.pl\/rimini2017\/miejsca-praktyk\/602-2\/vulpinari-5-z-6\/'><img width=\"150\" height=\"150\" src=\"https:\/\/zs1-projekty.nowotarski.edu.pl\/rimini2017\/wp-content\/uploads\/2017\/04\/Vulpinari-5-z-6-150x150.jpg\" class=\"attachment-thumbnail size-thumbnail\" alt=\"\" loading=\"lazy\" \/><\/a>\n\t\t\t<\/div><\/figure><figure class='gallery-item'>\n\t\t\t<div class='gallery-icon landscape'>\n\t\t\t\t<a href='https:\/\/zs1-projekty.nowotarski.edu.pl\/rimini2017\/miejsca-praktyk\/602-2\/vulpinari-6-z-6\/'><img width=\"150\" height=\"150\" src=\"https:\/\/zs1-projekty.nowotarski.edu.pl\/rimini2017\/wp-content\/uploads\/2017\/04\/Vulpinari-6-z-6-150x150.jpg\" class=\"attachment-thumbnail size-thumbnail\" alt=\"\" loading=\"lazy\" \/><\/a>\n\t\t\t<\/div><\/figure>\n\t\t<\/div>\n\n","protected":false},"excerpt":{"rendered":"<p>W firmie tej praktyki w zawodzie technik technologii odzie\u017cy odbywaj\u0105: Judyta \u0141ukasz, Justyna Kowalczyk, Natalia Kowalczyk. Firma sw\u0105 siedzib\u0119 posiada w Rimini. Firma MG Vulpinari zosta\u0142a za\u0142o\u017cona w 1969 roku przez Maria Gabriella Vulpinari, dzi\u0119ki jej pasji do mody i do\u015bwiadczenia p\u0142yn\u0105cego z krawiectwa rodzinnego. W pierwszych latach, M. G. Vulpinari koncentrowa\u0142a si\u0119 na produkcji<a class=\"moretag\" href=\"https:\/\/zs1-projekty.nowotarski.edu.pl\/rimini2017\/miejsca-praktyk\/602-2\/\"><span class=\"screen-reader-text\">Wi\u0119cej oVulpinari MG<\/span>[&#8230;]<\/a><\/p>\n","protected":false},"author":2,"featured_media":607,"parent":20,"menu_order":0,"comment_status":"closed","ping_status":"closed","template":"","meta":{"ngg_post_thumbnail":0},"_links":{"self":[{"href":"https:\/\/zs1-projekty.nowotarski.edu.pl\/rimini2017\/wp-json\/wp\/v2\/pages\/602"}],"collection":[{"href":"https:\/\/zs1-projekty.nowotarski.edu.pl\/rimini2017\/wp-json\/wp\/v2\/pages"}],"about":[{"href":"https:\/\/zs1-projekty.nowotarski.edu.pl\/rimini2017\/wp-json\/wp\/v2\/types\/page"}],"author":[{"embeddable":true,"href":"https:\/\/zs1-projekty.nowotarski.edu.pl\/rimini2017\/wp-json\/wp\/v2\/users\/2"}],"replies":[{"embeddable":true,"href":"https:\/\/zs1-projekty.nowotarski.edu.pl\/rimini2017\/wp-json\/wp\/v2\/comments?post=602"}],"version-history":[{"count":3,"href":"https:\/\/zs1-projekty.nowotarski.edu.pl\/rimini2017\/wp-json\/wp\/v2\/pages\/602\/revisions"}],"predecessor-version":[{"id":779,"href":"https:\/\/zs1-projekty.nowotarski.edu.pl\/rimini2017\/wp-json\/wp\/v2\/pages\/602\/revisions\/779"}],"up":[{"embeddable":true,"href":"https:\/\/zs1-projekty.nowotarski.edu.pl\/rimini2017\/wp-json\/wp\/v2\/pages\/20"}],"wp:featuredmedia":[{"embeddable":true,"href":"https:\/\/zs1-projekty.nowotarski.edu.pl\/rimini2017\/wp-json\/wp\/v2\/media\/607"}],"wp:attachment":[{"href":"https:\/\/zs1-projekty.nowotarski.edu.pl\/rimini2017\/wp-json\/wp\/v2\/media?parent=602"}],"curies":[{"name":"wp","href":"https:\/\/api.w.org\/{rel}","templated":true}]}}