{"id":614,"date":"2017-05-01T11:49:10","date_gmt":"2017-05-01T09:49:10","guid":{"rendered":"http:\/\/zs1.nowotarski.pl\/projekty\/rimini2017\/?page_id=614"},"modified":"2017-05-12T21:45:08","modified_gmt":"2017-05-12T19:45:08","slug":"paolo-diani-studio-di-fotografia","status":"publish","type":"page","link":"https:\/\/zs1-projekty.nowotarski.edu.pl\/rimini2017\/miejsca-praktyk\/paolo-diani-studio-di-fotografia\/","title":{"rendered":"Paolo Diani Studio di Fotografia"},"content":{"rendered":"<p>Znajduje si\u0119 ono w Cesenie. Za\u0142o\u017cycielem studia jest Paolo Diani. Zajmuje si\u0119 fotografi\u0105 w szerokim zakresie. W jego portfolio nie brakuje zdj\u0119\u0107 reklamowych, \u015blubnych ale i te\u017c artystycznych, portret\u00f3w czy kadr\u00f3w z jego wypraw. Cz\u0119sto robi te\u017c zdj\u0119cia analogowe, kt\u00f3rych nie wywo\u0142uje w tradycyjny spos\u00f3b w ciemni. Stworzy\u0142 w\u0142asny projekt, gdzie odbitki &#8222;wywo\u0142uje&#8221; jedynie za pomoc\u0105 aparatu cyfrowego i mocnego \u015bwiat\u0142a zamieniaj\u0105c je w zdj\u0119cia cyfrowe. Paolo jest osob\u0105 bardzo kreatywn\u0105, posiada du\u017ce do\u015bwiadczenie w dziedzinie fotografii i bardzo ch\u0119tnie dzieli si\u0119 ni\u0105 ze swoimi uczniami. Panuje tutaj \u015bwietna atmosfera a takiego pozytywnego szefa tylko szuka\u0107 ze \u015bwiec\u0105. \ud83d\ude42<\/p>\n<div id='gallery-1' class='gallery galleryid-614 gallery-columns-2 gallery-size-medium'><figure class='gallery-item'>\n\t\t\t<div class='gallery-icon portrait'>\n\t\t\t\t<a href='https:\/\/zs1-projekty.nowotarski.edu.pl\/rimini2017\/miejsca-praktyk\/paolo-diani-studio-di-fotografia\/18386431_1422034227887968_630963722_n\/'><img width=\"182\" height=\"300\" src=\"https:\/\/zs1-projekty.nowotarski.edu.pl\/rimini2017\/wp-content\/uploads\/2017\/05\/18386431_1422034227887968_630963722_n-182x300.jpg\" class=\"attachment-medium size-medium\" alt=\"\" loading=\"lazy\" srcset=\"https:\/\/zs1-projekty.nowotarski.edu.pl\/rimini2017\/wp-content\/uploads\/2017\/05\/18386431_1422034227887968_630963722_n-182x300.jpg 182w, https:\/\/zs1-projekty.nowotarski.edu.pl\/rimini2017\/wp-content\/uploads\/2017\/05\/18386431_1422034227887968_630963722_n.jpg 389w\" sizes=\"(max-width: 182px) 100vw, 182px\" \/><\/a>\n\t\t\t<\/div><\/figure><figure class='gallery-item'>\n\t\t\t<div class='gallery-icon portrait'>\n\t\t\t\t<a href='https:\/\/zs1-projekty.nowotarski.edu.pl\/rimini2017\/miejsca-praktyk\/paolo-diani-studio-di-fotografia\/18386669_1422035151221209_748028791_n\/'><img width=\"169\" height=\"300\" src=\"https:\/\/zs1-projekty.nowotarski.edu.pl\/rimini2017\/wp-content\/uploads\/2017\/05\/18386669_1422035151221209_748028791_n-169x300.jpg\" class=\"attachment-medium size-medium\" alt=\"\" loading=\"lazy\" srcset=\"https:\/\/zs1-projekty.nowotarski.edu.pl\/rimini2017\/wp-content\/uploads\/2017\/05\/18386669_1422035151221209_748028791_n-169x300.jpg 169w, https:\/\/zs1-projekty.nowotarski.edu.pl\/rimini2017\/wp-content\/uploads\/2017\/05\/18386669_1422035151221209_748028791_n.jpg 360w\" sizes=\"(max-width: 169px) 100vw, 169px\" \/><\/a>\n\t\t\t<\/div><\/figure>\n\t\t<\/div>\n\n<div id='gallery-2' class='gallery galleryid-614 gallery-columns-2 gallery-size-medium'><figure class='gallery-item'>\n\t\t\t<div class='gallery-icon portrait'>\n\t\t\t\t<a href='https:\/\/zs1-projekty.nowotarski.edu.pl\/rimini2017\/miejsca-praktyk\/paolo-diani-studio-di-fotografia\/18339459_1208799965909620_1721856007_o\/'><img width=\"182\" height=\"300\" src=\"https:\/\/zs1-projekty.nowotarski.edu.pl\/rimini2017\/wp-content\/uploads\/2017\/05\/18339459_1208799965909620_1721856007_o-182x300.jpg\" class=\"attachment-medium size-medium\" alt=\"\" loading=\"lazy\" srcset=\"https:\/\/zs1-projekty.nowotarski.edu.pl\/rimini2017\/wp-content\/uploads\/2017\/05\/18339459_1208799965909620_1721856007_o-182x300.jpg 182w, https:\/\/zs1-projekty.nowotarski.edu.pl\/rimini2017\/wp-content\/uploads\/2017\/05\/18339459_1208799965909620_1721856007_o-621x1024.jpg 621w, https:\/\/zs1-projekty.nowotarski.edu.pl\/rimini2017\/wp-content\/uploads\/2017\/05\/18339459_1208799965909620_1721856007_o.jpg 720w\" sizes=\"(max-width: 182px) 100vw, 182px\" \/><\/a>\n\t\t\t<\/div><\/figure><figure class='gallery-item'>\n\t\t\t<div class='gallery-icon portrait'>\n\t\t\t\t<a href='https:\/\/zs1-projekty.nowotarski.edu.pl\/rimini2017\/sesje-fotograficzne-uczniow\/2-2\/18362222_1208799925909624_108048945_o\/'><img width=\"169\" height=\"300\" src=\"https:\/\/zs1-projekty.nowotarski.edu.pl\/rimini2017\/wp-content\/uploads\/2017\/05\/18362222_1208799925909624_108048945_o-169x300.jpg\" class=\"attachment-medium size-medium\" alt=\"\" loading=\"lazy\" srcset=\"https:\/\/zs1-projekty.nowotarski.edu.pl\/rimini2017\/wp-content\/uploads\/2017\/05\/18362222_1208799925909624_108048945_o-169x300.jpg 169w, https:\/\/zs1-projekty.nowotarski.edu.pl\/rimini2017\/wp-content\/uploads\/2017\/05\/18362222_1208799925909624_108048945_o-578x1024.jpg 578w, https:\/\/zs1-projekty.nowotarski.edu.pl\/rimini2017\/wp-content\/uploads\/2017\/05\/18362222_1208799925909624_108048945_o.jpg 722w\" sizes=\"(max-width: 169px) 100vw, 169px\" \/><\/a>\n\t\t\t<\/div><\/figure><figure class='gallery-item'>\n\t\t\t<div class='gallery-icon portrait'>\n\t\t\t\t<a href='https:\/\/zs1-projekty.nowotarski.edu.pl\/rimini2017\/sesje-fotograficzne-uczniow\/2-2\/18362210_1208799895909627_778537897_o\/'><img width=\"182\" height=\"300\" src=\"https:\/\/zs1-projekty.nowotarski.edu.pl\/rimini2017\/wp-content\/uploads\/2017\/05\/18362210_1208799895909627_778537897_o-182x300.jpg\" class=\"attachment-medium size-medium\" alt=\"\" loading=\"lazy\" srcset=\"https:\/\/zs1-projekty.nowotarski.edu.pl\/rimini2017\/wp-content\/uploads\/2017\/05\/18362210_1208799895909627_778537897_o-182x300.jpg 182w, https:\/\/zs1-projekty.nowotarski.edu.pl\/rimini2017\/wp-content\/uploads\/2017\/05\/18362210_1208799895909627_778537897_o-621x1024.jpg 621w, https:\/\/zs1-projekty.nowotarski.edu.pl\/rimini2017\/wp-content\/uploads\/2017\/05\/18362210_1208799895909627_778537897_o.jpg 720w\" sizes=\"(max-width: 182px) 100vw, 182px\" \/><\/a>\n\t\t\t<\/div><\/figure><figure class='gallery-item'>\n\t\t\t<div class='gallery-icon landscape'>\n\t\t\t\t<a href='https:\/\/zs1-projekty.nowotarski.edu.pl\/rimini2017\/sesje-fotograficzne-uczniow\/2-2\/18362801_1208798865909730_2083148991_o\/'><img width=\"300\" height=\"169\" src=\"https:\/\/zs1-projekty.nowotarski.edu.pl\/rimini2017\/wp-content\/uploads\/2017\/05\/18362801_1208798865909730_2083148991_o-300x169.jpg\" class=\"attachment-medium size-medium\" alt=\"\" loading=\"lazy\" srcset=\"https:\/\/zs1-projekty.nowotarski.edu.pl\/rimini2017\/wp-content\/uploads\/2017\/05\/18362801_1208798865909730_2083148991_o-300x169.jpg 300w, https:\/\/zs1-projekty.nowotarski.edu.pl\/rimini2017\/wp-content\/uploads\/2017\/05\/18362801_1208798865909730_2083148991_o-768x433.jpg 768w, https:\/\/zs1-projekty.nowotarski.edu.pl\/rimini2017\/wp-content\/uploads\/2017\/05\/18362801_1208798865909730_2083148991_o-1024x578.jpg 1024w, https:\/\/zs1-projekty.nowotarski.edu.pl\/rimini2017\/wp-content\/uploads\/2017\/05\/18362801_1208798865909730_2083148991_o.jpg 1187w\" sizes=\"(max-width: 300px) 100vw, 300px\" \/><\/a>\n\t\t\t<\/div><\/figure>\n\t\t<\/div>\n\n","protected":false},"excerpt":{"rendered":"<p>Znajduje si\u0119 ono w Cesenie. Za\u0142o\u017cycielem studia jest Paolo Diani. Zajmuje si\u0119 fotografi\u0105 w szerokim zakresie. W jego portfolio nie brakuje zdj\u0119\u0107 reklamowych, \u015blubnych ale i te\u017c artystycznych, portret\u00f3w czy kadr\u00f3w z jego wypraw. Cz\u0119sto robi te\u017c zdj\u0119cia analogowe, kt\u00f3rych nie wywo\u0142uje w tradycyjny spos\u00f3b w ciemni. Stworzy\u0142 w\u0142asny projekt, gdzie odbitki &#8222;wywo\u0142uje&#8221; jedynie za<a class=\"moretag\" href=\"https:\/\/zs1-projekty.nowotarski.edu.pl\/rimini2017\/miejsca-praktyk\/paolo-diani-studio-di-fotografia\/\"><span class=\"screen-reader-text\">Wi\u0119cej oPaolo Diani Studio di Fotografia<\/span>[&#8230;]<\/a><\/p>\n","protected":false},"author":1,"featured_media":0,"parent":20,"menu_order":0,"comment_status":"closed","ping_status":"closed","template":"","meta":{"ngg_post_thumbnail":0},"_links":{"self":[{"href":"https:\/\/zs1-projekty.nowotarski.edu.pl\/rimini2017\/wp-json\/wp\/v2\/pages\/614"}],"collection":[{"href":"https:\/\/zs1-projekty.nowotarski.edu.pl\/rimini2017\/wp-json\/wp\/v2\/pages"}],"about":[{"href":"https:\/\/zs1-projekty.nowotarski.edu.pl\/rimini2017\/wp-json\/wp\/v2\/types\/page"}],"author":[{"embeddable":true,"href":"https:\/\/zs1-projekty.nowotarski.edu.pl\/rimini2017\/wp-json\/wp\/v2\/users\/1"}],"replies":[{"embeddable":true,"href":"https:\/\/zs1-projekty.nowotarski.edu.pl\/rimini2017\/wp-json\/wp\/v2\/comments?post=614"}],"version-history":[{"count":6,"href":"https:\/\/zs1-projekty.nowotarski.edu.pl\/rimini2017\/wp-json\/wp\/v2\/pages\/614\/revisions"}],"predecessor-version":[{"id":1340,"href":"https:\/\/zs1-projekty.nowotarski.edu.pl\/rimini2017\/wp-json\/wp\/v2\/pages\/614\/revisions\/1340"}],"up":[{"embeddable":true,"href":"https:\/\/zs1-projekty.nowotarski.edu.pl\/rimini2017\/wp-json\/wp\/v2\/pages\/20"}],"wp:attachment":[{"href":"https:\/\/zs1-projekty.nowotarski.edu.pl\/rimini2017\/wp-json\/wp\/v2\/media?parent=614"}],"curies":[{"name":"wp","href":"https:\/\/api.w.org\/{rel}","templated":true}]}}