{"id":62,"date":"2017-04-24T23:17:30","date_gmt":"2017-04-24T21:17:30","guid":{"rendered":"http:\/\/zs1.nowotarski.pl\/projekty\/rimini2017\/?page_id=62"},"modified":"2017-05-01T15:24:12","modified_gmt":"2017-05-01T13:24:12","slug":"firma-3","status":"publish","type":"page","link":"https:\/\/zs1-projekty.nowotarski.edu.pl\/rimini2017\/miejsca-praktyk\/firma-3\/","title":{"rendered":"EDH SRL"},"content":{"rendered":"<p>W firmie tej praktyk\u0119 w zawodzie technik organizacji reklamy odbywa: Natalia Bogaczyk.<\/p>\n<p>Firma znajduje si\u0119 w Rimini.<\/p>\n<p>Jest to bardzo znana w swojej bran\u017cy firma, maj\u0105ca ponad dwudziestoletnie do\u015bwiadczenie. Prowadzi import, personalizacj\u0119 i marketing odzie\u017cy i gad\u017cet\u00f3w promocyjnych. Sprowadzaj\u0105 wi\u0119kszo\u015b\u0107 swoich towar\u00f3w bezpo\u015brednio z kraj\u00f3w Dalekiego i Bliskiego Wschodu, zw\u0142aszcza z Chin, Bangladeszu, Indii, Turcji i Egiptu. Firma jest obecna na ka\u017cdym etapie produkcji, pocz\u0105wszy od opakowa\u0144 produkt\u00f3w do realizacji logo klienta w swoim wewn\u0119trznym dziale graficznym. Wykorzystuje metod\u0119 sitodruku, tamponodruku, druku cyfrowego, grawerowania laserowego i haft\u00f3w.<\/p>\n<p>Firma wykonuje w\u0142asne kolekcje, jak r\u00f3wnie\u017c wsp\u00f3\u0142pracuje z wieloma renomowanymi firmami instytucjami, mi\u0119dzy innymi: Ikea, Mediaset, Moschino, Breil, Geat, Yacht Club De Monaco, Yamaha, Ducati, Bimota, Aarai, Ber Racing, Dedikato, Mattia Pasini, Drudi Performance, Castorama, Oliviero, Croce Rossa Italiana, Mondadori, Gulliver Librerie, Brandina, La Nazione, Il Resto del Carlino, Mercatino Franchising, Italmondo SpA \u2013 Comeca Group, Colombini, Garmon, Turatello Italia, Italdraghe SpA, Fom Industrie, Societa&amp;#39; Gas Rimini, Edil Impianti, Adriatica Logistic, Radis Legnami, Reggini Auto, Adria Coast, La Notte Rosa, Cosmogas, Block 60, Edicole&amp;#39;, Ass.ne Albergatori, Ac Cesena Calcio, Asset Banca San Marino, San Patrignano, Comune di Rimini.<\/p>\n<p>&nbsp;<\/p>\n<div id='gallery-1' class='gallery galleryid-62 gallery-columns-3 gallery-size-medium'><figure class='gallery-item'>\n\t\t\t<div class='gallery-icon landscape'>\n\t\t\t\t<a href='https:\/\/zs1-projekty.nowotarski.edu.pl\/rimini2017\/miejsca-praktyk\/firma-3\/magic_print_my_tshirt-7-z-23\/'><img width=\"300\" height=\"200\" src=\"https:\/\/zs1-projekty.nowotarski.edu.pl\/rimini2017\/wp-content\/uploads\/2016\/10\/magic_print_my_tshirt-7-z-23-300x200.jpg\" class=\"attachment-medium size-medium\" alt=\"\" loading=\"lazy\" srcset=\"https:\/\/zs1-projekty.nowotarski.edu.pl\/rimini2017\/wp-content\/uploads\/2016\/10\/magic_print_my_tshirt-7-z-23-300x200.jpg 300w, https:\/\/zs1-projekty.nowotarski.edu.pl\/rimini2017\/wp-content\/uploads\/2016\/10\/magic_print_my_tshirt-7-z-23-768x512.jpg 768w, https:\/\/zs1-projekty.nowotarski.edu.pl\/rimini2017\/wp-content\/uploads\/2016\/10\/magic_print_my_tshirt-7-z-23-1024x683.jpg 1024w\" sizes=\"(max-width: 300px) 100vw, 300px\" \/><\/a>\n\t\t\t<\/div><\/figure><figure class='gallery-item'>\n\t\t\t<div class='gallery-icon landscape'>\n\t\t\t\t<a href='https:\/\/zs1-projekty.nowotarski.edu.pl\/rimini2017\/miejsca-praktyk\/firma-3\/magic_print_my_tshirt-19-z-23\/'><img width=\"300\" height=\"200\" src=\"https:\/\/zs1-projekty.nowotarski.edu.pl\/rimini2017\/wp-content\/uploads\/2016\/10\/magic_print_my_tshirt-19-z-23-300x200.jpg\" class=\"attachment-medium size-medium\" alt=\"\" loading=\"lazy\" srcset=\"https:\/\/zs1-projekty.nowotarski.edu.pl\/rimini2017\/wp-content\/uploads\/2016\/10\/magic_print_my_tshirt-19-z-23-300x200.jpg 300w, https:\/\/zs1-projekty.nowotarski.edu.pl\/rimini2017\/wp-content\/uploads\/2016\/10\/magic_print_my_tshirt-19-z-23-768x512.jpg 768w, https:\/\/zs1-projekty.nowotarski.edu.pl\/rimini2017\/wp-content\/uploads\/2016\/10\/magic_print_my_tshirt-19-z-23-1024x683.jpg 1024w\" sizes=\"(max-width: 300px) 100vw, 300px\" \/><\/a>\n\t\t\t<\/div><\/figure><figure class='gallery-item'>\n\t\t\t<div class='gallery-icon landscape'>\n\t\t\t\t<a href='https:\/\/zs1-projekty.nowotarski.edu.pl\/rimini2017\/miejsca-praktyk\/firma-3\/magic_print_my_tshirt-20-z-23\/'><img width=\"300\" height=\"200\" src=\"https:\/\/zs1-projekty.nowotarski.edu.pl\/rimini2017\/wp-content\/uploads\/2016\/10\/magic_print_my_tshirt-20-z-23-300x200.jpg\" class=\"attachment-medium size-medium\" alt=\"\" loading=\"lazy\" srcset=\"https:\/\/zs1-projekty.nowotarski.edu.pl\/rimini2017\/wp-content\/uploads\/2016\/10\/magic_print_my_tshirt-20-z-23-300x200.jpg 300w, https:\/\/zs1-projekty.nowotarski.edu.pl\/rimini2017\/wp-content\/uploads\/2016\/10\/magic_print_my_tshirt-20-z-23-768x512.jpg 768w, https:\/\/zs1-projekty.nowotarski.edu.pl\/rimini2017\/wp-content\/uploads\/2016\/10\/magic_print_my_tshirt-20-z-23-1024x683.jpg 1024w\" sizes=\"(max-width: 300px) 100vw, 300px\" \/><\/a>\n\t\t\t<\/div><\/figure><figure class='gallery-item'>\n\t\t\t<div class='gallery-icon portrait'>\n\t\t\t\t<a href='https:\/\/zs1-projekty.nowotarski.edu.pl\/rimini2017\/miejsca-praktyk\/firma-3\/magic_print_my_tshirt-21-z-23\/'><img width=\"200\" height=\"300\" src=\"https:\/\/zs1-projekty.nowotarski.edu.pl\/rimini2017\/wp-content\/uploads\/2016\/10\/magic_print_my_tshirt-21-z-23-200x300.jpg\" class=\"attachment-medium size-medium\" alt=\"\" loading=\"lazy\" srcset=\"https:\/\/zs1-projekty.nowotarski.edu.pl\/rimini2017\/wp-content\/uploads\/2016\/10\/magic_print_my_tshirt-21-z-23-200x300.jpg 200w, https:\/\/zs1-projekty.nowotarski.edu.pl\/rimini2017\/wp-content\/uploads\/2016\/10\/magic_print_my_tshirt-21-z-23-768x1152.jpg 768w, https:\/\/zs1-projekty.nowotarski.edu.pl\/rimini2017\/wp-content\/uploads\/2016\/10\/magic_print_my_tshirt-21-z-23-683x1024.jpg 683w, https:\/\/zs1-projekty.nowotarski.edu.pl\/rimini2017\/wp-content\/uploads\/2016\/10\/magic_print_my_tshirt-21-z-23.jpg 2048w\" sizes=\"(max-width: 200px) 100vw, 200px\" \/><\/a>\n\t\t\t<\/div><\/figure><figure class='gallery-item'>\n\t\t\t<div class='gallery-icon portrait'>\n\t\t\t\t<a href='https:\/\/zs1-projekty.nowotarski.edu.pl\/rimini2017\/miejsca-praktyk\/firma-3\/magic_print_my_tshirt-18-z-23\/'><img width=\"200\" height=\"300\" src=\"https:\/\/zs1-projekty.nowotarski.edu.pl\/rimini2017\/wp-content\/uploads\/2016\/10\/magic_print_my_tshirt-18-z-23-200x300.jpg\" class=\"attachment-medium size-medium\" alt=\"\" loading=\"lazy\" srcset=\"https:\/\/zs1-projekty.nowotarski.edu.pl\/rimini2017\/wp-content\/uploads\/2016\/10\/magic_print_my_tshirt-18-z-23-200x300.jpg 200w, https:\/\/zs1-projekty.nowotarski.edu.pl\/rimini2017\/wp-content\/uploads\/2016\/10\/magic_print_my_tshirt-18-z-23-768x1152.jpg 768w, https:\/\/zs1-projekty.nowotarski.edu.pl\/rimini2017\/wp-content\/uploads\/2016\/10\/magic_print_my_tshirt-18-z-23-683x1024.jpg 683w, https:\/\/zs1-projekty.nowotarski.edu.pl\/rimini2017\/wp-content\/uploads\/2016\/10\/magic_print_my_tshirt-18-z-23.jpg 2048w\" sizes=\"(max-width: 200px) 100vw, 200px\" \/><\/a>\n\t\t\t<\/div><\/figure><figure class='gallery-item'>\n\t\t\t<div class='gallery-icon portrait'>\n\t\t\t\t<a href='https:\/\/zs1-projekty.nowotarski.edu.pl\/rimini2017\/miejsca-praktyk\/firma-3\/magic_print_my_tshirt-3-z-23\/'><img width=\"200\" height=\"300\" src=\"https:\/\/zs1-projekty.nowotarski.edu.pl\/rimini2017\/wp-content\/uploads\/2016\/10\/magic_print_my_tshirt-3-z-23-200x300.jpg\" class=\"attachment-medium size-medium\" alt=\"\" loading=\"lazy\" srcset=\"https:\/\/zs1-projekty.nowotarski.edu.pl\/rimini2017\/wp-content\/uploads\/2016\/10\/magic_print_my_tshirt-3-z-23-200x300.jpg 200w, https:\/\/zs1-projekty.nowotarski.edu.pl\/rimini2017\/wp-content\/uploads\/2016\/10\/magic_print_my_tshirt-3-z-23-768x1152.jpg 768w, https:\/\/zs1-projekty.nowotarski.edu.pl\/rimini2017\/wp-content\/uploads\/2016\/10\/magic_print_my_tshirt-3-z-23-683x1024.jpg 683w\" sizes=\"(max-width: 200px) 100vw, 200px\" \/><\/a>\n\t\t\t<\/div><\/figure><figure class='gallery-item'>\n\t\t\t<div class='gallery-icon landscape'>\n\t\t\t\t<a href='https:\/\/zs1-projekty.nowotarski.edu.pl\/rimini2017\/miejsca-praktyk\/firma-3\/magic_print_my_tshirt-15-z-23\/'><img width=\"300\" height=\"200\" src=\"https:\/\/zs1-projekty.nowotarski.edu.pl\/rimini2017\/wp-content\/uploads\/2016\/10\/magic_print_my_tshirt-15-z-23-300x200.jpg\" class=\"attachment-medium size-medium\" alt=\"\" loading=\"lazy\" srcset=\"https:\/\/zs1-projekty.nowotarski.edu.pl\/rimini2017\/wp-content\/uploads\/2016\/10\/magic_print_my_tshirt-15-z-23-300x200.jpg 300w, https:\/\/zs1-projekty.nowotarski.edu.pl\/rimini2017\/wp-content\/uploads\/2016\/10\/magic_print_my_tshirt-15-z-23-768x512.jpg 768w, https:\/\/zs1-projekty.nowotarski.edu.pl\/rimini2017\/wp-content\/uploads\/2016\/10\/magic_print_my_tshirt-15-z-23-1024x683.jpg 1024w\" sizes=\"(max-width: 300px) 100vw, 300px\" \/><\/a>\n\t\t\t<\/div><\/figure><figure class='gallery-item'>\n\t\t\t<div class='gallery-icon landscape'>\n\t\t\t\t<a href='https:\/\/zs1-projekty.nowotarski.edu.pl\/rimini2017\/miejsca-praktyk\/firma-3\/magic_print_my_tshirt-16-z-23\/'><img width=\"300\" height=\"200\" src=\"https:\/\/zs1-projekty.nowotarski.edu.pl\/rimini2017\/wp-content\/uploads\/2016\/10\/magic_print_my_tshirt-16-z-23-300x200.jpg\" class=\"attachment-medium size-medium\" alt=\"\" loading=\"lazy\" srcset=\"https:\/\/zs1-projekty.nowotarski.edu.pl\/rimini2017\/wp-content\/uploads\/2016\/10\/magic_print_my_tshirt-16-z-23-300x200.jpg 300w, https:\/\/zs1-projekty.nowotarski.edu.pl\/rimini2017\/wp-content\/uploads\/2016\/10\/magic_print_my_tshirt-16-z-23-768x512.jpg 768w, https:\/\/zs1-projekty.nowotarski.edu.pl\/rimini2017\/wp-content\/uploads\/2016\/10\/magic_print_my_tshirt-16-z-23-1024x683.jpg 1024w\" sizes=\"(max-width: 300px) 100vw, 300px\" \/><\/a>\n\t\t\t<\/div><\/figure><figure class='gallery-item'>\n\t\t\t<div class='gallery-icon landscape'>\n\t\t\t\t<a href='https:\/\/zs1-projekty.nowotarski.edu.pl\/rimini2017\/miejsca-praktyk\/firma-3\/magic_print_my_tshirt-1-z-23-2\/'><img width=\"300\" height=\"200\" src=\"https:\/\/zs1-projekty.nowotarski.edu.pl\/rimini2017\/wp-content\/uploads\/2016\/10\/magic_print_my_tshirt-1-z-23-1-300x200.jpg\" class=\"attachment-medium size-medium\" alt=\"\" loading=\"lazy\" srcset=\"https:\/\/zs1-projekty.nowotarski.edu.pl\/rimini2017\/wp-content\/uploads\/2016\/10\/magic_print_my_tshirt-1-z-23-1-300x200.jpg 300w, https:\/\/zs1-projekty.nowotarski.edu.pl\/rimini2017\/wp-content\/uploads\/2016\/10\/magic_print_my_tshirt-1-z-23-1-768x512.jpg 768w, https:\/\/zs1-projekty.nowotarski.edu.pl\/rimini2017\/wp-content\/uploads\/2016\/10\/magic_print_my_tshirt-1-z-23-1-1024x683.jpg 1024w\" sizes=\"(max-width: 300px) 100vw, 300px\" \/><\/a>\n\t\t\t<\/div><\/figure>\n\t\t<\/div>\n\n","protected":false},"excerpt":{"rendered":"<p>W firmie tej praktyk\u0119 w zawodzie technik organizacji reklamy odbywa: Natalia Bogaczyk. Firma znajduje si\u0119 w Rimini. Jest to bardzo znana w swojej bran\u017cy firma, maj\u0105ca ponad dwudziestoletnie do\u015bwiadczenie. Prowadzi import, personalizacj\u0119 i marketing odzie\u017cy i gad\u017cet\u00f3w promocyjnych. Sprowadzaj\u0105 wi\u0119kszo\u015b\u0107 swoich towar\u00f3w bezpo\u015brednio z kraj\u00f3w Dalekiego i Bliskiego Wschodu, zw\u0142aszcza z Chin, Bangladeszu, Indii, Turcji<a class=\"moretag\" href=\"https:\/\/zs1-projekty.nowotarski.edu.pl\/rimini2017\/miejsca-praktyk\/firma-3\/\"><span class=\"screen-reader-text\">Wi\u0119cej oEDH SRL<\/span>[&#8230;]<\/a><\/p>\n","protected":false},"author":1,"featured_media":577,"parent":20,"menu_order":0,"comment_status":"closed","ping_status":"closed","template":"template-fullwidth.php","meta":{"ngg_post_thumbnail":0},"_links":{"self":[{"href":"https:\/\/zs1-projekty.nowotarski.edu.pl\/rimini2017\/wp-json\/wp\/v2\/pages\/62"}],"collection":[{"href":"https:\/\/zs1-projekty.nowotarski.edu.pl\/rimini2017\/wp-json\/wp\/v2\/pages"}],"about":[{"href":"https:\/\/zs1-projekty.nowotarski.edu.pl\/rimini2017\/wp-json\/wp\/v2\/types\/page"}],"author":[{"embeddable":true,"href":"https:\/\/zs1-projekty.nowotarski.edu.pl\/rimini2017\/wp-json\/wp\/v2\/users\/1"}],"replies":[{"embeddable":true,"href":"https:\/\/zs1-projekty.nowotarski.edu.pl\/rimini2017\/wp-json\/wp\/v2\/comments?post=62"}],"version-history":[{"count":9,"href":"https:\/\/zs1-projekty.nowotarski.edu.pl\/rimini2017\/wp-json\/wp\/v2\/pages\/62\/revisions"}],"predecessor-version":[{"id":798,"href":"https:\/\/zs1-projekty.nowotarski.edu.pl\/rimini2017\/wp-json\/wp\/v2\/pages\/62\/revisions\/798"}],"up":[{"embeddable":true,"href":"https:\/\/zs1-projekty.nowotarski.edu.pl\/rimini2017\/wp-json\/wp\/v2\/pages\/20"}],"wp:featuredmedia":[{"embeddable":true,"href":"https:\/\/zs1-projekty.nowotarski.edu.pl\/rimini2017\/wp-json\/wp\/v2\/media\/577"}],"wp:attachment":[{"href":"https:\/\/zs1-projekty.nowotarski.edu.pl\/rimini2017\/wp-json\/wp\/v2\/media?parent=62"}],"curies":[{"name":"wp","href":"https:\/\/api.w.org\/{rel}","templated":true}]}}