{"id":64,"date":"2017-04-25T15:17:42","date_gmt":"2017-04-25T13:17:42","guid":{"rendered":"http:\/\/zs1.nowotarski.pl\/projekty\/rimini2017\/?page_id=64"},"modified":"2017-05-01T11:56:05","modified_gmt":"2017-05-01T09:56:05","slug":"firma-4","status":"publish","type":"page","link":"https:\/\/zs1-projekty.nowotarski.edu.pl\/rimini2017\/miejsca-praktyk\/firma-4\/","title":{"rendered":"Magic Print Serigrafia S.N.C. di Zacchini-Mainardi"},"content":{"rendered":"<p>W firmie tej praktyk\u0119 w zawodzie technik organizacji reklamy odbywa: Aneta Garbacz, Paulina Wida.<\/p>\n<p>Firma znajduje si\u0119 w Rimini.<\/p>\n<p>Firma Magic Print produkuje nadruki mi\u0119dzy innymi na T-shirtach, bluzach i r\u0119cznikach pla\u017cowych oraz reklamy na samochodach. Wykorzystuje technik\u0119 sitodruku i transferu. Firma zajmuje si\u0119 r\u00f3wnie\u017c projektowaniem oraz produkcj\u0105 baner\u00f3w panelowych i dziurkowanych, r\u00f3\u017cnego rodzaj\u00f3w rolap\u00f3w oraz naklejek.<\/p>\n<div id='gallery-1' class='gallery galleryid-64 gallery-columns-3 gallery-size-medium'><figure class='gallery-item'>\n\t\t\t<div class='gallery-icon portrait'>\n\t\t\t\t<a href='https:\/\/zs1-projekty.nowotarski.edu.pl\/rimini2017\/miejsca-praktyk\/firma-3\/magic_print_my_tshirt-2-z-23-2\/'><img width=\"200\" height=\"300\" src=\"https:\/\/zs1-projekty.nowotarski.edu.pl\/rimini2017\/wp-content\/uploads\/2016\/10\/magic_print_my_tshirt-2-z-23-1-200x300.jpg\" class=\"attachment-medium size-medium\" alt=\"\" loading=\"lazy\" srcset=\"https:\/\/zs1-projekty.nowotarski.edu.pl\/rimini2017\/wp-content\/uploads\/2016\/10\/magic_print_my_tshirt-2-z-23-1-200x300.jpg 200w, https:\/\/zs1-projekty.nowotarski.edu.pl\/rimini2017\/wp-content\/uploads\/2016\/10\/magic_print_my_tshirt-2-z-23-1-768x1152.jpg 768w, https:\/\/zs1-projekty.nowotarski.edu.pl\/rimini2017\/wp-content\/uploads\/2016\/10\/magic_print_my_tshirt-2-z-23-1-683x1024.jpg 683w\" sizes=\"(max-width: 200px) 100vw, 200px\" \/><\/a>\n\t\t\t<\/div><\/figure><figure class='gallery-item'>\n\t\t\t<div class='gallery-icon portrait'>\n\t\t\t\t<a href='https:\/\/zs1-projekty.nowotarski.edu.pl\/rimini2017\/miejsca-praktyk\/firma-3\/magic_print_my_tshirt-9-z-23\/'><img width=\"200\" height=\"300\" src=\"https:\/\/zs1-projekty.nowotarski.edu.pl\/rimini2017\/wp-content\/uploads\/2016\/10\/magic_print_my_tshirt-9-z-23-200x300.jpg\" class=\"attachment-medium size-medium\" alt=\"\" loading=\"lazy\" srcset=\"https:\/\/zs1-projekty.nowotarski.edu.pl\/rimini2017\/wp-content\/uploads\/2016\/10\/magic_print_my_tshirt-9-z-23-200x300.jpg 200w, https:\/\/zs1-projekty.nowotarski.edu.pl\/rimini2017\/wp-content\/uploads\/2016\/10\/magic_print_my_tshirt-9-z-23-768x1152.jpg 768w, https:\/\/zs1-projekty.nowotarski.edu.pl\/rimini2017\/wp-content\/uploads\/2016\/10\/magic_print_my_tshirt-9-z-23-683x1024.jpg 683w\" sizes=\"(max-width: 200px) 100vw, 200px\" \/><\/a>\n\t\t\t<\/div><\/figure><figure class='gallery-item'>\n\t\t\t<div class='gallery-icon portrait'>\n\t\t\t\t<a href='https:\/\/zs1-projekty.nowotarski.edu.pl\/rimini2017\/miejsca-praktyk\/firma-3\/magic_print_my_tshirt-10-z-23\/'><img width=\"200\" height=\"300\" src=\"https:\/\/zs1-projekty.nowotarski.edu.pl\/rimini2017\/wp-content\/uploads\/2016\/10\/magic_print_my_tshirt-10-z-23-200x300.jpg\" class=\"attachment-medium size-medium\" alt=\"\" loading=\"lazy\" srcset=\"https:\/\/zs1-projekty.nowotarski.edu.pl\/rimini2017\/wp-content\/uploads\/2016\/10\/magic_print_my_tshirt-10-z-23-200x300.jpg 200w, https:\/\/zs1-projekty.nowotarski.edu.pl\/rimini2017\/wp-content\/uploads\/2016\/10\/magic_print_my_tshirt-10-z-23-768x1152.jpg 768w, https:\/\/zs1-projekty.nowotarski.edu.pl\/rimini2017\/wp-content\/uploads\/2016\/10\/magic_print_my_tshirt-10-z-23-683x1024.jpg 683w\" sizes=\"(max-width: 200px) 100vw, 200px\" \/><\/a>\n\t\t\t<\/div><\/figure><figure class='gallery-item'>\n\t\t\t<div class='gallery-icon portrait'>\n\t\t\t\t<a href='https:\/\/zs1-projekty.nowotarski.edu.pl\/rimini2017\/miejsca-praktyk\/firma-3\/magic_print_my_tshirt-12-z-23\/'><img width=\"200\" height=\"300\" src=\"https:\/\/zs1-projekty.nowotarski.edu.pl\/rimini2017\/wp-content\/uploads\/2016\/10\/magic_print_my_tshirt-12-z-23-200x300.jpg\" class=\"attachment-medium size-medium\" alt=\"\" loading=\"lazy\" srcset=\"https:\/\/zs1-projekty.nowotarski.edu.pl\/rimini2017\/wp-content\/uploads\/2016\/10\/magic_print_my_tshirt-12-z-23-200x300.jpg 200w, https:\/\/zs1-projekty.nowotarski.edu.pl\/rimini2017\/wp-content\/uploads\/2016\/10\/magic_print_my_tshirt-12-z-23-768x1152.jpg 768w, https:\/\/zs1-projekty.nowotarski.edu.pl\/rimini2017\/wp-content\/uploads\/2016\/10\/magic_print_my_tshirt-12-z-23-683x1024.jpg 683w\" sizes=\"(max-width: 200px) 100vw, 200px\" \/><\/a>\n\t\t\t<\/div><\/figure><figure class='gallery-item'>\n\t\t\t<div class='gallery-icon portrait'>\n\t\t\t\t<a href='https:\/\/zs1-projekty.nowotarski.edu.pl\/rimini2017\/miejsca-praktyk\/firma-3\/magic_print_my_tshirt-13-z-23\/'><img width=\"200\" height=\"300\" src=\"https:\/\/zs1-projekty.nowotarski.edu.pl\/rimini2017\/wp-content\/uploads\/2016\/10\/magic_print_my_tshirt-13-z-23-200x300.jpg\" class=\"attachment-medium size-medium\" alt=\"\" loading=\"lazy\" srcset=\"https:\/\/zs1-projekty.nowotarski.edu.pl\/rimini2017\/wp-content\/uploads\/2016\/10\/magic_print_my_tshirt-13-z-23-200x300.jpg 200w, https:\/\/zs1-projekty.nowotarski.edu.pl\/rimini2017\/wp-content\/uploads\/2016\/10\/magic_print_my_tshirt-13-z-23-768x1152.jpg 768w, https:\/\/zs1-projekty.nowotarski.edu.pl\/rimini2017\/wp-content\/uploads\/2016\/10\/magic_print_my_tshirt-13-z-23-683x1024.jpg 683w\" sizes=\"(max-width: 200px) 100vw, 200px\" \/><\/a>\n\t\t\t<\/div><\/figure><figure class='gallery-item'>\n\t\t\t<div class='gallery-icon portrait'>\n\t\t\t\t<a href='https:\/\/zs1-projekty.nowotarski.edu.pl\/rimini2017\/miejsca-praktyk\/firma-3\/magic_print_my_tshirt-14-z-23\/'><img width=\"200\" height=\"300\" src=\"https:\/\/zs1-projekty.nowotarski.edu.pl\/rimini2017\/wp-content\/uploads\/2016\/10\/magic_print_my_tshirt-14-z-23-200x300.jpg\" class=\"attachment-medium size-medium\" alt=\"\" loading=\"lazy\" srcset=\"https:\/\/zs1-projekty.nowotarski.edu.pl\/rimini2017\/wp-content\/uploads\/2016\/10\/magic_print_my_tshirt-14-z-23-200x300.jpg 200w, https:\/\/zs1-projekty.nowotarski.edu.pl\/rimini2017\/wp-content\/uploads\/2016\/10\/magic_print_my_tshirt-14-z-23-768x1152.jpg 768w, https:\/\/zs1-projekty.nowotarski.edu.pl\/rimini2017\/wp-content\/uploads\/2016\/10\/magic_print_my_tshirt-14-z-23-683x1024.jpg 683w\" sizes=\"(max-width: 200px) 100vw, 200px\" \/><\/a>\n\t\t\t<\/div><\/figure>\n\t\t<\/div>\n\n","protected":false},"excerpt":{"rendered":"<p>W firmie tej praktyk\u0119 w zawodzie technik organizacji reklamy odbywa: Aneta Garbacz, Paulina Wida. Firma znajduje si\u0119 w Rimini. Firma Magic Print produkuje nadruki mi\u0119dzy innymi na T-shirtach, bluzach i r\u0119cznikach pla\u017cowych oraz reklamy na samochodach. Wykorzystuje technik\u0119 sitodruku i transferu. Firma zajmuje si\u0119 r\u00f3wnie\u017c projektowaniem oraz produkcj\u0105 baner\u00f3w panelowych i dziurkowanych, r\u00f3\u017cnego rodzaj\u00f3w rolap\u00f3w<a class=\"moretag\" href=\"https:\/\/zs1-projekty.nowotarski.edu.pl\/rimini2017\/miejsca-praktyk\/firma-4\/\"><span class=\"screen-reader-text\">Wi\u0119cej oMagic Print Serigrafia S.N.C. di Zacchini-Mainardi<\/span>[&#8230;]<\/a><\/p>\n","protected":false},"author":1,"featured_media":581,"parent":20,"menu_order":0,"comment_status":"closed","ping_status":"closed","template":"template-fullwidth.php","meta":{"ngg_post_thumbnail":0},"_links":{"self":[{"href":"https:\/\/zs1-projekty.nowotarski.edu.pl\/rimini2017\/wp-json\/wp\/v2\/pages\/64"}],"collection":[{"href":"https:\/\/zs1-projekty.nowotarski.edu.pl\/rimini2017\/wp-json\/wp\/v2\/pages"}],"about":[{"href":"https:\/\/zs1-projekty.nowotarski.edu.pl\/rimini2017\/wp-json\/wp\/v2\/types\/page"}],"author":[{"embeddable":true,"href":"https:\/\/zs1-projekty.nowotarski.edu.pl\/rimini2017\/wp-json\/wp\/v2\/users\/1"}],"replies":[{"embeddable":true,"href":"https:\/\/zs1-projekty.nowotarski.edu.pl\/rimini2017\/wp-json\/wp\/v2\/comments?post=64"}],"version-history":[{"count":7,"href":"https:\/\/zs1-projekty.nowotarski.edu.pl\/rimini2017\/wp-json\/wp\/v2\/pages\/64\/revisions"}],"predecessor-version":[{"id":785,"href":"https:\/\/zs1-projekty.nowotarski.edu.pl\/rimini2017\/wp-json\/wp\/v2\/pages\/64\/revisions\/785"}],"up":[{"embeddable":true,"href":"https:\/\/zs1-projekty.nowotarski.edu.pl\/rimini2017\/wp-json\/wp\/v2\/pages\/20"}],"wp:featuredmedia":[{"embeddable":true,"href":"https:\/\/zs1-projekty.nowotarski.edu.pl\/rimini2017\/wp-json\/wp\/v2\/media\/581"}],"wp:attachment":[{"href":"https:\/\/zs1-projekty.nowotarski.edu.pl\/rimini2017\/wp-json\/wp\/v2\/media?parent=64"}],"curies":[{"name":"wp","href":"https:\/\/api.w.org\/{rel}","templated":true}]}}