{"id":664,"date":"2017-04-27T21:28:15","date_gmt":"2017-04-27T19:28:15","guid":{"rendered":"http:\/\/zs1.nowotarski.pl\/projekty\/rimini2017\/?page_id=664"},"modified":"2017-05-24T17:14:33","modified_gmt":"2017-05-24T15:14:33","slug":"hotel","status":"publish","type":"page","link":"https:\/\/zs1-projekty.nowotarski.edu.pl\/rimini2017\/hotel\/","title":{"rendered":"Hotel"},"content":{"rendered":"<p>Hotel Residence Angeli w Rimini jest po\u0142o\u017cony w dzielnicy Marina Centro, 50 metr\u00f3w od pla\u017cy. Oferuje zakwaterowanie w klimatyzowanych apartamentach z bezp\u0142atnym bezprzewodowym dost\u0119pem do Internetu. Ten nowoczesny obiekt usytuowany jest przy t\u0119tni\u0105cej \u017cyciem ulicy Viale Regina Elena. Ka\u017cdy apartament dysponuje w pe\u0142ni wyposa\u017con\u0105 kuchni\u0105, balkonem oraz salonem. Z niekt\u00f3rych apartament\u00f3w roztacza si\u0119 widok na Morze Adriatyckie.<\/p>\n<div id='gallery-1' class='gallery galleryid-664 gallery-columns-2 gallery-size-medium'><figure class='gallery-item'>\n\t\t\t<div class='gallery-icon portrait'>\n\t\t\t\t<a href='https:\/\/zs1-projekty.nowotarski.edu.pl\/rimini2017\/hotel\/attachment\/305\/'><img width=\"180\" height=\"300\" src=\"https:\/\/zs1-projekty.nowotarski.edu.pl\/rimini2017\/wp-content\/uploads\/2017\/04\/305-180x300.jpg\" class=\"attachment-medium size-medium\" alt=\"\" loading=\"lazy\" srcset=\"https:\/\/zs1-projekty.nowotarski.edu.pl\/rimini2017\/wp-content\/uploads\/2017\/04\/305-180x300.jpg 180w, https:\/\/zs1-projekty.nowotarski.edu.pl\/rimini2017\/wp-content\/uploads\/2017\/04\/305-615x1024.jpg 615w, https:\/\/zs1-projekty.nowotarski.edu.pl\/rimini2017\/wp-content\/uploads\/2017\/04\/305.jpg 711w\" sizes=\"(max-width: 180px) 100vw, 180px\" \/><\/a>\n\t\t\t<\/div><\/figure><figure class='gallery-item'>\n\t\t\t<div class='gallery-icon landscape'>\n\t\t\t\t<a href='https:\/\/zs1-projekty.nowotarski.edu.pl\/rimini2017\/hotel\/18111282_1474159412658008_1898434005_o\/'><img width=\"300\" height=\"169\" src=\"https:\/\/zs1-projekty.nowotarski.edu.pl\/rimini2017\/wp-content\/uploads\/2017\/04\/18111282_1474159412658008_1898434005_o-300x169.jpg\" class=\"attachment-medium size-medium\" alt=\"\" loading=\"lazy\" srcset=\"https:\/\/zs1-projekty.nowotarski.edu.pl\/rimini2017\/wp-content\/uploads\/2017\/04\/18111282_1474159412658008_1898434005_o-300x169.jpg 300w, https:\/\/zs1-projekty.nowotarski.edu.pl\/rimini2017\/wp-content\/uploads\/2017\/04\/18111282_1474159412658008_1898434005_o-768x432.jpg 768w, https:\/\/zs1-projekty.nowotarski.edu.pl\/rimini2017\/wp-content\/uploads\/2017\/04\/18111282_1474159412658008_1898434005_o-1024x576.jpg 1024w, https:\/\/zs1-projekty.nowotarski.edu.pl\/rimini2017\/wp-content\/uploads\/2017\/04\/18111282_1474159412658008_1898434005_o.jpg 1152w\" sizes=\"(max-width: 300px) 100vw, 300px\" \/><\/a>\n\t\t\t<\/div><\/figure><figure class='gallery-item'>\n\t\t\t<div class='gallery-icon portrait'>\n\t\t\t\t<a href='https:\/\/zs1-projekty.nowotarski.edu.pl\/rimini2017\/hotel\/18642020_569659386755097_1849481852_o\/'><img width=\"180\" height=\"300\" src=\"https:\/\/zs1-projekty.nowotarski.edu.pl\/rimini2017\/wp-content\/uploads\/2017\/04\/18642020_569659386755097_1849481852_o-180x300.jpg\" class=\"attachment-medium size-medium\" alt=\"\" loading=\"lazy\" srcset=\"https:\/\/zs1-projekty.nowotarski.edu.pl\/rimini2017\/wp-content\/uploads\/2017\/04\/18642020_569659386755097_1849481852_o-180x300.jpg 180w, https:\/\/zs1-projekty.nowotarski.edu.pl\/rimini2017\/wp-content\/uploads\/2017\/04\/18642020_569659386755097_1849481852_o-615x1024.jpg 615w, https:\/\/zs1-projekty.nowotarski.edu.pl\/rimini2017\/wp-content\/uploads\/2017\/04\/18642020_569659386755097_1849481852_o.jpg 711w\" sizes=\"(max-width: 180px) 100vw, 180px\" \/><\/a>\n\t\t\t<\/div><\/figure><figure class='gallery-item'>\n\t\t\t<div class='gallery-icon portrait'>\n\t\t\t\t<a href='https:\/\/zs1-projekty.nowotarski.edu.pl\/rimini2017\/hotel\/18644425_1224878374301779_522385268_n\/'><img width=\"182\" height=\"300\" src=\"https:\/\/zs1-projekty.nowotarski.edu.pl\/rimini2017\/wp-content\/uploads\/2017\/04\/18644425_1224878374301779_522385268_n-182x300.jpg\" class=\"attachment-medium size-medium\" alt=\"\" loading=\"lazy\" srcset=\"https:\/\/zs1-projekty.nowotarski.edu.pl\/rimini2017\/wp-content\/uploads\/2017\/04\/18644425_1224878374301779_522385268_n-182x300.jpg 182w, https:\/\/zs1-projekty.nowotarski.edu.pl\/rimini2017\/wp-content\/uploads\/2017\/04\/18644425_1224878374301779_522385268_n.jpg 582w\" sizes=\"(max-width: 182px) 100vw, 182px\" \/><\/a>\n\t\t\t<\/div><\/figure><figure class='gallery-item'>\n\t\t\t<div class='gallery-icon portrait'>\n\t\t\t\t<a href='https:\/\/zs1-projekty.nowotarski.edu.pl\/rimini2017\/hotel\/18644635_1224878337635116_159330690_n\/'><img width=\"182\" height=\"300\" src=\"https:\/\/zs1-projekty.nowotarski.edu.pl\/rimini2017\/wp-content\/uploads\/2017\/04\/18644635_1224878337635116_159330690_n-182x300.jpg\" class=\"attachment-medium size-medium\" alt=\"\" loading=\"lazy\" srcset=\"https:\/\/zs1-projekty.nowotarski.edu.pl\/rimini2017\/wp-content\/uploads\/2017\/04\/18644635_1224878337635116_159330690_n-182x300.jpg 182w, https:\/\/zs1-projekty.nowotarski.edu.pl\/rimini2017\/wp-content\/uploads\/2017\/04\/18644635_1224878337635116_159330690_n.jpg 582w\" sizes=\"(max-width: 182px) 100vw, 182px\" \/><\/a>\n\t\t\t<\/div><\/figure><figure class='gallery-item'>\n\t\t\t<div class='gallery-icon portrait'>\n\t\t\t\t<a href='https:\/\/zs1-projekty.nowotarski.edu.pl\/rimini2017\/hotel\/18676417_569659403421762_1261940977_o\/'><img width=\"180\" height=\"300\" src=\"https:\/\/zs1-projekty.nowotarski.edu.pl\/rimini2017\/wp-content\/uploads\/2017\/04\/18676417_569659403421762_1261940977_o-180x300.jpg\" class=\"attachment-medium size-medium\" alt=\"\" loading=\"lazy\" srcset=\"https:\/\/zs1-projekty.nowotarski.edu.pl\/rimini2017\/wp-content\/uploads\/2017\/04\/18676417_569659403421762_1261940977_o-180x300.jpg 180w, https:\/\/zs1-projekty.nowotarski.edu.pl\/rimini2017\/wp-content\/uploads\/2017\/04\/18676417_569659403421762_1261940977_o-615x1024.jpg 615w, https:\/\/zs1-projekty.nowotarski.edu.pl\/rimini2017\/wp-content\/uploads\/2017\/04\/18676417_569659403421762_1261940977_o.jpg 711w\" sizes=\"(max-width: 180px) 100vw, 180px\" \/><\/a>\n\t\t\t<\/div><\/figure><figure class='gallery-item'>\n\t\t\t<div class='gallery-icon portrait'>\n\t\t\t\t<a href='https:\/\/zs1-projekty.nowotarski.edu.pl\/rimini2017\/hotel\/18718418_1224878404301776_971410725_n\/'><img width=\"182\" height=\"300\" src=\"https:\/\/zs1-projekty.nowotarski.edu.pl\/rimini2017\/wp-content\/uploads\/2017\/04\/18718418_1224878404301776_971410725_n-182x300.jpg\" class=\"attachment-medium size-medium\" alt=\"\" loading=\"lazy\" srcset=\"https:\/\/zs1-projekty.nowotarski.edu.pl\/rimini2017\/wp-content\/uploads\/2017\/04\/18718418_1224878404301776_971410725_n-182x300.jpg 182w, https:\/\/zs1-projekty.nowotarski.edu.pl\/rimini2017\/wp-content\/uploads\/2017\/04\/18718418_1224878404301776_971410725_n.jpg 582w\" sizes=\"(max-width: 182px) 100vw, 182px\" \/><\/a>\n\t\t\t<\/div><\/figure>\n\t\t<\/div>\n\n<div id='gallery-2' class='gallery galleryid-664 gallery-columns-2 gallery-size-medium'><figure class='gallery-item'>\n\t\t\t<div class='gallery-icon portrait'>\n\t\t\t\t<a href='https:\/\/zs1-projekty.nowotarski.edu.pl\/rimini2017\/hotel\/20170515_213155-2\/'><img width=\"169\" height=\"300\" src=\"https:\/\/zs1-projekty.nowotarski.edu.pl\/rimini2017\/wp-content\/uploads\/2017\/04\/20170515_213155-1-169x300.jpg\" class=\"attachment-medium size-medium\" alt=\"\" loading=\"lazy\" srcset=\"https:\/\/zs1-projekty.nowotarski.edu.pl\/rimini2017\/wp-content\/uploads\/2017\/04\/20170515_213155-1-169x300.jpg 169w, https:\/\/zs1-projekty.nowotarski.edu.pl\/rimini2017\/wp-content\/uploads\/2017\/04\/20170515_213155-1-768x1365.jpg 768w, https:\/\/zs1-projekty.nowotarski.edu.pl\/rimini2017\/wp-content\/uploads\/2017\/04\/20170515_213155-1-576x1024.jpg 576w, https:\/\/zs1-projekty.nowotarski.edu.pl\/rimini2017\/wp-content\/uploads\/2017\/04\/20170515_213155-1.jpg 1152w\" sizes=\"(max-width: 169px) 100vw, 169px\" \/><\/a>\n\t\t\t<\/div><\/figure><figure class='gallery-item'>\n\t\t\t<div class='gallery-icon landscape'>\n\t\t\t\t<a href='https:\/\/zs1-projekty.nowotarski.edu.pl\/rimini2017\/hotel\/20170519_163955\/'><img width=\"300\" height=\"169\" src=\"https:\/\/zs1-projekty.nowotarski.edu.pl\/rimini2017\/wp-content\/uploads\/2017\/04\/20170519_163955-300x169.jpg\" class=\"attachment-medium size-medium\" alt=\"\" loading=\"lazy\" srcset=\"https:\/\/zs1-projekty.nowotarski.edu.pl\/rimini2017\/wp-content\/uploads\/2017\/04\/20170519_163955-300x169.jpg 300w, https:\/\/zs1-projekty.nowotarski.edu.pl\/rimini2017\/wp-content\/uploads\/2017\/04\/20170519_163955-768x432.jpg 768w, https:\/\/zs1-projekty.nowotarski.edu.pl\/rimini2017\/wp-content\/uploads\/2017\/04\/20170519_163955-1024x576.jpg 1024w\" sizes=\"(max-width: 300px) 100vw, 300px\" \/><\/a>\n\t\t\t<\/div><\/figure><figure class='gallery-item'>\n\t\t\t<div class='gallery-icon landscape'>\n\t\t\t\t<a href='https:\/\/zs1-projekty.nowotarski.edu.pl\/rimini2017\/hotel\/20170519_163952\/'><img width=\"300\" height=\"169\" src=\"https:\/\/zs1-projekty.nowotarski.edu.pl\/rimini2017\/wp-content\/uploads\/2017\/04\/20170519_163952-300x169.jpg\" class=\"attachment-medium size-medium\" alt=\"\" loading=\"lazy\" srcset=\"https:\/\/zs1-projekty.nowotarski.edu.pl\/rimini2017\/wp-content\/uploads\/2017\/04\/20170519_163952-300x169.jpg 300w, https:\/\/zs1-projekty.nowotarski.edu.pl\/rimini2017\/wp-content\/uploads\/2017\/04\/20170519_163952-768x432.jpg 768w, https:\/\/zs1-projekty.nowotarski.edu.pl\/rimini2017\/wp-content\/uploads\/2017\/04\/20170519_163952-1024x576.jpg 1024w\" sizes=\"(max-width: 300px) 100vw, 300px\" \/><\/a>\n\t\t\t<\/div><\/figure><figure class='gallery-item'>\n\t\t\t<div class='gallery-icon landscape'>\n\t\t\t\t<a href='https:\/\/zs1-projekty.nowotarski.edu.pl\/rimini2017\/hotel\/20170515_213138\/'><img width=\"300\" height=\"169\" src=\"https:\/\/zs1-projekty.nowotarski.edu.pl\/rimini2017\/wp-content\/uploads\/2017\/04\/20170515_213138-300x169.jpg\" class=\"attachment-medium size-medium\" alt=\"\" loading=\"lazy\" srcset=\"https:\/\/zs1-projekty.nowotarski.edu.pl\/rimini2017\/wp-content\/uploads\/2017\/04\/20170515_213138-300x169.jpg 300w, https:\/\/zs1-projekty.nowotarski.edu.pl\/rimini2017\/wp-content\/uploads\/2017\/04\/20170515_213138-768x432.jpg 768w, https:\/\/zs1-projekty.nowotarski.edu.pl\/rimini2017\/wp-content\/uploads\/2017\/04\/20170515_213138-1024x576.jpg 1024w, https:\/\/zs1-projekty.nowotarski.edu.pl\/rimini2017\/wp-content\/uploads\/2017\/04\/20170515_213138.jpg 2048w\" sizes=\"(max-width: 300px) 100vw, 300px\" \/><\/a>\n\t\t\t<\/div><\/figure><figure class='gallery-item'>\n\t\t\t<div class='gallery-icon landscape'>\n\t\t\t\t<a href='https:\/\/zs1-projekty.nowotarski.edu.pl\/rimini2017\/hotel\/20170519_163945\/'><img width=\"300\" height=\"169\" src=\"https:\/\/zs1-projekty.nowotarski.edu.pl\/rimini2017\/wp-content\/uploads\/2017\/04\/20170519_163945-300x169.jpg\" class=\"attachment-medium size-medium\" alt=\"\" loading=\"lazy\" srcset=\"https:\/\/zs1-projekty.nowotarski.edu.pl\/rimini2017\/wp-content\/uploads\/2017\/04\/20170519_163945-300x169.jpg 300w, https:\/\/zs1-projekty.nowotarski.edu.pl\/rimini2017\/wp-content\/uploads\/2017\/04\/20170519_163945-768x432.jpg 768w, https:\/\/zs1-projekty.nowotarski.edu.pl\/rimini2017\/wp-content\/uploads\/2017\/04\/20170519_163945-1024x576.jpg 1024w\" sizes=\"(max-width: 300px) 100vw, 300px\" \/><\/a>\n\t\t\t<\/div><\/figure><figure class='gallery-item'>\n\t\t\t<div class='gallery-icon landscape'>\n\t\t\t\t<a href='https:\/\/zs1-projekty.nowotarski.edu.pl\/rimini2017\/hotel\/20170519_163940\/'><img width=\"300\" height=\"169\" src=\"https:\/\/zs1-projekty.nowotarski.edu.pl\/rimini2017\/wp-content\/uploads\/2017\/04\/20170519_163940-300x169.jpg\" class=\"attachment-medium size-medium\" alt=\"\" loading=\"lazy\" srcset=\"https:\/\/zs1-projekty.nowotarski.edu.pl\/rimini2017\/wp-content\/uploads\/2017\/04\/20170519_163940-300x169.jpg 300w, https:\/\/zs1-projekty.nowotarski.edu.pl\/rimini2017\/wp-content\/uploads\/2017\/04\/20170519_163940-768x432.jpg 768w, https:\/\/zs1-projekty.nowotarski.edu.pl\/rimini2017\/wp-content\/uploads\/2017\/04\/20170519_163940-1024x576.jpg 1024w\" sizes=\"(max-width: 300px) 100vw, 300px\" \/><\/a>\n\t\t\t<\/div><\/figure>\n\t\t<\/div>\n\n<div id='gallery-3' class='gallery galleryid-664 gallery-columns-2 gallery-size-medium'><figure class='gallery-item'>\n\t\t\t<div class='gallery-icon portrait'>\n\t\t\t\t<a href='https:\/\/zs1-projekty.nowotarski.edu.pl\/rimini2017\/miejsca-praktyk\/firma-xyz2\/grafichemoderne-3-z-22\/'><img width=\"200\" height=\"300\" src=\"https:\/\/zs1-projekty.nowotarski.edu.pl\/rimini2017\/wp-content\/uploads\/2017\/04\/GraficheModerne-3-z-22-200x300.jpg\" class=\"attachment-medium size-medium\" alt=\"\" loading=\"lazy\" srcset=\"https:\/\/zs1-projekty.nowotarski.edu.pl\/rimini2017\/wp-content\/uploads\/2017\/04\/GraficheModerne-3-z-22-200x300.jpg 200w, https:\/\/zs1-projekty.nowotarski.edu.pl\/rimini2017\/wp-content\/uploads\/2017\/04\/GraficheModerne-3-z-22-768x1152.jpg 768w, https:\/\/zs1-projekty.nowotarski.edu.pl\/rimini2017\/wp-content\/uploads\/2017\/04\/GraficheModerne-3-z-22-683x1024.jpg 683w\" sizes=\"(max-width: 200px) 100vw, 200px\" \/><\/a>\n\t\t\t<\/div><\/figure><figure class='gallery-item'>\n\t\t\t<div class='gallery-icon portrait'>\n\t\t\t\t<a href='https:\/\/zs1-projekty.nowotarski.edu.pl\/rimini2017\/miejsca-praktyk\/firma-xyz2\/grafichemoderne-4-z-22\/'><img width=\"200\" height=\"300\" src=\"https:\/\/zs1-projekty.nowotarski.edu.pl\/rimini2017\/wp-content\/uploads\/2017\/04\/GraficheModerne-4-z-22-200x300.jpg\" class=\"attachment-medium size-medium\" alt=\"\" loading=\"lazy\" srcset=\"https:\/\/zs1-projekty.nowotarski.edu.pl\/rimini2017\/wp-content\/uploads\/2017\/04\/GraficheModerne-4-z-22-200x300.jpg 200w, https:\/\/zs1-projekty.nowotarski.edu.pl\/rimini2017\/wp-content\/uploads\/2017\/04\/GraficheModerne-4-z-22-768x1152.jpg 768w, https:\/\/zs1-projekty.nowotarski.edu.pl\/rimini2017\/wp-content\/uploads\/2017\/04\/GraficheModerne-4-z-22-683x1024.jpg 683w\" sizes=\"(max-width: 200px) 100vw, 200px\" \/><\/a>\n\t\t\t<\/div><\/figure><figure class='gallery-item'>\n\t\t\t<div class='gallery-icon landscape'>\n\t\t\t\t<a href='https:\/\/zs1-projekty.nowotarski.edu.pl\/rimini2017\/miejsca-praktyk\/firma-xyz2\/grafichemoderne-2-z-22\/'><img width=\"300\" height=\"200\" src=\"https:\/\/zs1-projekty.nowotarski.edu.pl\/rimini2017\/wp-content\/uploads\/2017\/04\/GraficheModerne-2-z-22-300x200.jpg\" class=\"attachment-medium size-medium\" alt=\"\" loading=\"lazy\" srcset=\"https:\/\/zs1-projekty.nowotarski.edu.pl\/rimini2017\/wp-content\/uploads\/2017\/04\/GraficheModerne-2-z-22-300x200.jpg 300w, https:\/\/zs1-projekty.nowotarski.edu.pl\/rimini2017\/wp-content\/uploads\/2017\/04\/GraficheModerne-2-z-22-768x512.jpg 768w, https:\/\/zs1-projekty.nowotarski.edu.pl\/rimini2017\/wp-content\/uploads\/2017\/04\/GraficheModerne-2-z-22-1024x683.jpg 1024w\" sizes=\"(max-width: 300px) 100vw, 300px\" \/><\/a>\n\t\t\t<\/div><\/figure><figure class='gallery-item'>\n\t\t\t<div class='gallery-icon landscape'>\n\t\t\t\t<a href='https:\/\/zs1-projekty.nowotarski.edu.pl\/rimini2017\/miejsca-praktyk\/firma-xyz2\/grafichemoderne-5-z-22\/'><img width=\"300\" height=\"200\" src=\"https:\/\/zs1-projekty.nowotarski.edu.pl\/rimini2017\/wp-content\/uploads\/2017\/04\/GraficheModerne-5-z-22-300x200.jpg\" class=\"attachment-medium size-medium\" alt=\"\" loading=\"lazy\" srcset=\"https:\/\/zs1-projekty.nowotarski.edu.pl\/rimini2017\/wp-content\/uploads\/2017\/04\/GraficheModerne-5-z-22-300x200.jpg 300w, https:\/\/zs1-projekty.nowotarski.edu.pl\/rimini2017\/wp-content\/uploads\/2017\/04\/GraficheModerne-5-z-22-768x512.jpg 768w, https:\/\/zs1-projekty.nowotarski.edu.pl\/rimini2017\/wp-content\/uploads\/2017\/04\/GraficheModerne-5-z-22-1024x683.jpg 1024w\" sizes=\"(max-width: 300px) 100vw, 300px\" \/><\/a>\n\t\t\t<\/div><\/figure><figure class='gallery-item'>\n\t\t\t<div class='gallery-icon portrait'>\n\t\t\t\t<a href='https:\/\/zs1-projekty.nowotarski.edu.pl\/rimini2017\/miejsca-praktyk\/firma-xyz2\/grafichemoderne-6-z-22\/'><img width=\"200\" height=\"300\" src=\"https:\/\/zs1-projekty.nowotarski.edu.pl\/rimini2017\/wp-content\/uploads\/2017\/04\/GraficheModerne-6-z-22-200x300.jpg\" class=\"attachment-medium size-medium\" alt=\"\" loading=\"lazy\" srcset=\"https:\/\/zs1-projekty.nowotarski.edu.pl\/rimini2017\/wp-content\/uploads\/2017\/04\/GraficheModerne-6-z-22-200x300.jpg 200w, https:\/\/zs1-projekty.nowotarski.edu.pl\/rimini2017\/wp-content\/uploads\/2017\/04\/GraficheModerne-6-z-22-768x1152.jpg 768w, https:\/\/zs1-projekty.nowotarski.edu.pl\/rimini2017\/wp-content\/uploads\/2017\/04\/GraficheModerne-6-z-22-683x1024.jpg 683w\" sizes=\"(max-width: 200px) 100vw, 200px\" \/><\/a>\n\t\t\t<\/div><\/figure><figure class='gallery-item'>\n\t\t\t<div class='gallery-icon portrait'>\n\t\t\t\t<a href='https:\/\/zs1-projekty.nowotarski.edu.pl\/rimini2017\/miejsca-praktyk\/firma-xyz2\/grafichemoderne-1-z-22\/'><img width=\"200\" height=\"300\" src=\"https:\/\/zs1-projekty.nowotarski.edu.pl\/rimini2017\/wp-content\/uploads\/2017\/04\/GraficheModerne-1-z-22-200x300.jpg\" class=\"attachment-medium size-medium\" alt=\"\" loading=\"lazy\" srcset=\"https:\/\/zs1-projekty.nowotarski.edu.pl\/rimini2017\/wp-content\/uploads\/2017\/04\/GraficheModerne-1-z-22-200x300.jpg 200w, https:\/\/zs1-projekty.nowotarski.edu.pl\/rimini2017\/wp-content\/uploads\/2017\/04\/GraficheModerne-1-z-22-768x1152.jpg 768w, https:\/\/zs1-projekty.nowotarski.edu.pl\/rimini2017\/wp-content\/uploads\/2017\/04\/GraficheModerne-1-z-22-683x1024.jpg 683w\" sizes=\"(max-width: 200px) 100vw, 200px\" \/><\/a>\n\t\t\t<\/div><\/figure>\n\t\t<\/div>\n\n<p>&nbsp;<\/p>\n","protected":false},"excerpt":{"rendered":"<p>Hotel Residence Angeli w Rimini jest po\u0142o\u017cony w dzielnicy Marina Centro, 50 metr\u00f3w od pla\u017cy. Oferuje zakwaterowanie w klimatyzowanych apartamentach z bezp\u0142atnym bezprzewodowym dost\u0119pem do Internetu. Ten nowoczesny obiekt usytuowany jest przy t\u0119tni\u0105cej \u017cyciem ulicy Viale Regina Elena. Ka\u017cdy apartament dysponuje w pe\u0142ni wyposa\u017con\u0105 kuchni\u0105, balkonem oraz salonem. Z niekt\u00f3rych apartament\u00f3w roztacza si\u0119 widok na<a class=\"moretag\" href=\"https:\/\/zs1-projekty.nowotarski.edu.pl\/rimini2017\/hotel\/\"><span class=\"screen-reader-text\">Wi\u0119cej oHotel<\/span>[&#8230;]<\/a><\/p>\n","protected":false},"author":2,"featured_media":0,"parent":0,"menu_order":0,"comment_status":"closed","ping_status":"closed","template":"","meta":{"ngg_post_thumbnail":0},"_links":{"self":[{"href":"https:\/\/zs1-projekty.nowotarski.edu.pl\/rimini2017\/wp-json\/wp\/v2\/pages\/664"}],"collection":[{"href":"https:\/\/zs1-projekty.nowotarski.edu.pl\/rimini2017\/wp-json\/wp\/v2\/pages"}],"about":[{"href":"https:\/\/zs1-projekty.nowotarski.edu.pl\/rimini2017\/wp-json\/wp\/v2\/types\/page"}],"author":[{"embeddable":true,"href":"https:\/\/zs1-projekty.nowotarski.edu.pl\/rimini2017\/wp-json\/wp\/v2\/users\/2"}],"replies":[{"embeddable":true,"href":"https:\/\/zs1-projekty.nowotarski.edu.pl\/rimini2017\/wp-json\/wp\/v2\/comments?post=664"}],"version-history":[{"count":9,"href":"https:\/\/zs1-projekty.nowotarski.edu.pl\/rimini2017\/wp-json\/wp\/v2\/pages\/664\/revisions"}],"predecessor-version":[{"id":1473,"href":"https:\/\/zs1-projekty.nowotarski.edu.pl\/rimini2017\/wp-json\/wp\/v2\/pages\/664\/revisions\/1473"}],"wp:attachment":[{"href":"https:\/\/zs1-projekty.nowotarski.edu.pl\/rimini2017\/wp-json\/wp\/v2\/media?parent=664"}],"curies":[{"name":"wp","href":"https:\/\/api.w.org\/{rel}","templated":true}]}}