{"id":802,"date":"2017-05-01T18:29:20","date_gmt":"2017-05-01T16:29:20","guid":{"rendered":"http:\/\/zs1.nowotarski.pl\/projekty\/rimini2017\/?page_id=802"},"modified":"2017-05-02T22:13:32","modified_gmt":"2017-05-02T20:13:32","slug":"sesje-fotograficzne-uczniow","status":"publish","type":"page","link":"https:\/\/zs1-projekty.nowotarski.edu.pl\/rimini2017\/sesje-fotograficzne-uczniow\/","title":{"rendered":"Artystyczne fotografie uczni\u00f3w"},"content":{"rendered":"<p style=\"text-align: center;\"><em><strong>\u201eAmator martwi si\u0119 o sprz\u0119t, profesjonalista martwi si\u0119 o kas\u0119, a mistrz martwi si\u0119 o \u015bwiat\u0142o.\u201d \u2013 Anonim<\/strong><\/em><\/p>\n<p>&nbsp;<\/p>\n<p>&nbsp;<\/p>\n<p>&nbsp;<\/p>\n<p>&nbsp;<\/p>\n","protected":false},"excerpt":{"rendered":"<p>\u201eAmator martwi si\u0119 o sprz\u0119t, profesjonalista martwi si\u0119 o kas\u0119, a mistrz martwi si\u0119 o \u015bwiat\u0142o.\u201d \u2013 Anonim &nbsp; &nbsp; &nbsp; &nbsp;<\/p>\n","protected":false},"author":1,"featured_media":0,"parent":0,"menu_order":0,"comment_status":"closed","ping_status":"closed","template":"","meta":{"ngg_post_thumbnail":0},"_links":{"self":[{"href":"https:\/\/zs1-projekty.nowotarski.edu.pl\/rimini2017\/wp-json\/wp\/v2\/pages\/802"}],"collection":[{"href":"https:\/\/zs1-projekty.nowotarski.edu.pl\/rimini2017\/wp-json\/wp\/v2\/pages"}],"about":[{"href":"https:\/\/zs1-projekty.nowotarski.edu.pl\/rimini2017\/wp-json\/wp\/v2\/types\/page"}],"author":[{"embeddable":true,"href":"https:\/\/zs1-projekty.nowotarski.edu.pl\/rimini2017\/wp-json\/wp\/v2\/users\/1"}],"replies":[{"embeddable":true,"href":"https:\/\/zs1-projekty.nowotarski.edu.pl\/rimini2017\/wp-json\/wp\/v2\/comments?post=802"}],"version-history":[{"count":7,"href":"https:\/\/zs1-projekty.nowotarski.edu.pl\/rimini2017\/wp-json\/wp\/v2\/pages\/802\/revisions"}],"predecessor-version":[{"id":882,"href":"https:\/\/zs1-projekty.nowotarski.edu.pl\/rimini2017\/wp-json\/wp\/v2\/pages\/802\/revisions\/882"}],"wp:attachment":[{"href":"https:\/\/zs1-projekty.nowotarski.edu.pl\/rimini2017\/wp-json\/wp\/v2\/media?parent=802"}],"curies":[{"name":"wp","href":"https:\/\/api.w.org\/{rel}","templated":true}]}}