{"id":24,"date":"2018-02-22T15:36:49","date_gmt":"2018-02-22T14:36:49","guid":{"rendered":"https:\/\/zs1-projekty.nowotarski.edu.pl\/rimini2018\/?page_id=24"},"modified":"2018-05-22T21:09:17","modified_gmt":"2018-05-22T19:09:17","slug":"praktyki-2","status":"publish","type":"page","link":"https:\/\/zs1-projekty.nowotarski.edu.pl\/rimini2018\/praktyki-2\/","title":{"rendered":"Sormani"},"content":{"rendered":"<p style=\"text-align: center;\"><img loading=\"lazy\" class=\"alignnone size-large wp-image-336\" src=\"https:\/\/zs1-projekty.nowotarski.edu.pl\/rimini2018\/wp-content\/uploads\/2018\/05\/loga-1024x158.png\" alt=\"\" width=\"730\" height=\"113\" srcset=\"https:\/\/zs1-projekty.nowotarski.edu.pl\/rimini2018\/wp-content\/uploads\/2018\/05\/loga-1024x158.png 1024w, https:\/\/zs1-projekty.nowotarski.edu.pl\/rimini2018\/wp-content\/uploads\/2018\/05\/loga-300x46.png 300w, https:\/\/zs1-projekty.nowotarski.edu.pl\/rimini2018\/wp-content\/uploads\/2018\/05\/loga-768x118.png 768w, https:\/\/zs1-projekty.nowotarski.edu.pl\/rimini2018\/wp-content\/uploads\/2018\/05\/loga.png 1170w\" sizes=\"(max-width: 730px) 100vw, 730px\" \/><\/p>\n<p>Sta\u017cysta: Adrian Skwarek<\/p>\n<p>Firma Sormani swoj\u0105 siedzib\u0119 ma w Pesaro, zajmuje si\u0119 sprzeda\u017c\u0105 produkt\u00f3w biurowych, pomoc\u0105 techniczn\u0105 i us\u0142ugami zwi\u0105zanymi z drukarkami, faksami i kasami fiskalnymi. Sormani srl oferuje pe\u0142ne wsparcie techniczne i rozwi\u0105zywanie wszelkich problem\u00f3w zwi\u0105zanych z u\u017cywaniem drukarek. W\u0142a\u015bcicielk\u0105 jest Roberta Sormani<\/p>\n<p>Obowi\u0105zki:<\/p>\n<ul>\n<li>Naprawa drukarek, faks\u00f3w i kas fiskalnych<\/li>\n<li>Konserwacja drukarek, faks\u00f3w i kas fiskalnych<\/li>\n<li>Konfiguracja drukarek, faks\u00f3w i kas fiskalnych<\/li>\n<li>Dostarczanie produkt\u00f3w biurowych i sprz\u0119tu IT do klient\u00f3w<\/li>\n<li>Przeszkolenie z zasad BHP<\/li>\n<li>Poznanie struktury organizacji firmy<\/li>\n<li>Monta\u017c podzespo\u0142\u00f3w w komputerze<\/li>\n<li>Instalacja system\u00f3w operacyjnych i aktualizacja oprogramowania<\/li>\n<li>Tworzenie kosztorys\u00f3w<\/li>\n<li>Stosowanie zasad recyklingu<\/li>\n<li>Odzyskiwanie danych z komputer\u00f3w osobistych<\/li>\n<li>Instalacja okablowania sieciowego<\/li>\n<li>Projektowanie struktur sieciowych<\/li>\n<li>Konfiguracja urz\u0105dze\u0144 sieciowych<\/li>\n<li>Pod\u0142\u0105czanie lokalnych sieci do internetu<\/li>\n<li>Zarz\u0105dzanie centraln\u0105 stacj\u0105 robocz\u0105<\/li>\n<li>Tworzenie strony internetowej<\/li>\n<li>Udost\u0119pnianie baz danych w sieci<\/li>\n<li>Testowanie aplikacji i modyfikacja kodu \u017ar\u00f3d\u0142owego<\/li>\n<li>Odzyskiwanie danych z uszkodzonych dysk\u00f3w<\/li>\n<li>Sk\u0142adanie komputer\u00f3w osobistych<\/li>\n<li>Instalacja systemu operacyjnego<\/li>\n<li>Aktualizacja bazy wirus\u00f3w<\/li>\n<li>Konfiguracja routera<\/li>\n<\/ul>\n<div class=\"foogallery foogallery-container foogallery-default foogallery-lightbox-foobox fg-gutter-10 fg-center fg-default fg-light fg-border-thin fg-shadow-outline fg-loading-default fg-loaded-fade-in fg-caption-hover fg-hover-fade fg-hover-zoom fg-ready\" id=\"foogallery-gallery-487\" data-foogallery=\"{&quot;item&quot;:{&quot;showCaptionTitle&quot;:true,&quot;showCaptionDescription&quot;:true},&quot;lazy&quot;:true}\" >\r\n\t<div class=\"fg-item fg-type-image fg-idle\"><figure class=\"fg-item-inner\"><a href=\"https:\/\/zs1-projekty.nowotarski.edu.pl\/rimini2018\/wp-content\/uploads\/2018\/05\/jpg1-21.jpg\" data-attachment-id=\"489\" class=\"fg-thumb\"><span class=\"fg-image-wrap\"><img width=\"150\" height=\"150\" class=\"skip-lazy fg-image\" data-src-fg=\"https:\/\/zs1-projekty.nowotarski.edu.pl\/rimini2018\/wp-content\/uploads\/cache\/2018\/05\/jpg1-21\/3569584586.jpg\" src=\"data:image\/svg+xml,%3Csvg%20xmlns%3D%22http%3A%2F%2Fwww.w3.org%2F2000%2Fsvg%22%20width%3D%22150%22%20height%3D%22150%22%20viewBox%3D%220%200%20150%20150%22%3E%3C%2Fsvg%3E\" \/><\/span><span class=\"fg-image-overlay\"><\/span><\/a><figcaption class=\"fg-caption\"><div class=\"fg-caption-inner\"><\/div><\/figcaption><\/figure><div class=\"fg-loader\"><\/div><\/div><div class=\"fg-item fg-type-image fg-idle\"><figure class=\"fg-item-inner\"><a href=\"https:\/\/zs1-projekty.nowotarski.edu.pl\/rimini2018\/wp-content\/uploads\/2018\/05\/front_1.jpg\" data-attachment-id=\"299\" class=\"fg-thumb\"><span class=\"fg-image-wrap\"><img width=\"150\" height=\"150\" class=\"skip-lazy fg-image\" data-src-fg=\"https:\/\/zs1-projekty.nowotarski.edu.pl\/rimini2018\/wp-content\/uploads\/cache\/2018\/05\/front_1\/939408464.jpg\" src=\"data:image\/svg+xml,%3Csvg%20xmlns%3D%22http%3A%2F%2Fwww.w3.org%2F2000%2Fsvg%22%20width%3D%22150%22%20height%3D%22150%22%20viewBox%3D%220%200%20150%20150%22%3E%3C%2Fsvg%3E\" \/><\/span><span class=\"fg-image-overlay\"><\/span><\/a><figcaption class=\"fg-caption\"><div class=\"fg-caption-inner\"><\/div><\/figcaption><\/figure><div class=\"fg-loader\"><\/div><\/div><div class=\"fg-item fg-type-image fg-idle\"><figure class=\"fg-item-inner\"><a href=\"https:\/\/zs1-projekty.nowotarski.edu.pl\/rimini2018\/wp-content\/uploads\/2018\/05\/jpg3-3.jpg\" data-attachment-id=\"229\" class=\"fg-thumb\"><span class=\"fg-image-wrap\"><img width=\"150\" height=\"150\" class=\"skip-lazy fg-image\" data-src-fg=\"https:\/\/zs1-projekty.nowotarski.edu.pl\/rimini2018\/wp-content\/uploads\/cache\/2018\/05\/jpg3-3\/4041954006.jpg\" src=\"data:image\/svg+xml,%3Csvg%20xmlns%3D%22http%3A%2F%2Fwww.w3.org%2F2000%2Fsvg%22%20width%3D%22150%22%20height%3D%22150%22%20viewBox%3D%220%200%20150%20150%22%3E%3C%2Fsvg%3E\" \/><\/span><span class=\"fg-image-overlay\"><\/span><\/a><figcaption class=\"fg-caption\"><div class=\"fg-caption-inner\"><\/div><\/figcaption><\/figure><div class=\"fg-loader\"><\/div><\/div><div class=\"fg-item fg-type-image fg-idle\"><figure class=\"fg-item-inner\"><a href=\"https:\/\/zs1-projekty.nowotarski.edu.pl\/rimini2018\/wp-content\/uploads\/2018\/05\/jpg1-4.jpg\" data-attachment-id=\"228\" class=\"fg-thumb\"><span class=\"fg-image-wrap\"><img width=\"150\" height=\"150\" class=\"skip-lazy fg-image\" data-src-fg=\"https:\/\/zs1-projekty.nowotarski.edu.pl\/rimini2018\/wp-content\/uploads\/cache\/2018\/05\/jpg1-4\/1068121841.jpg\" src=\"data:image\/svg+xml,%3Csvg%20xmlns%3D%22http%3A%2F%2Fwww.w3.org%2F2000%2Fsvg%22%20width%3D%22150%22%20height%3D%22150%22%20viewBox%3D%220%200%20150%20150%22%3E%3C%2Fsvg%3E\" \/><\/span><span class=\"fg-image-overlay\"><\/span><\/a><figcaption class=\"fg-caption\"><div class=\"fg-caption-inner\"><\/div><\/figcaption><\/figure><div class=\"fg-loader\"><\/div><\/div><div class=\"fg-item fg-type-image fg-idle\"><figure class=\"fg-item-inner\"><a href=\"https:\/\/zs1-projekty.nowotarski.edu.pl\/rimini2018\/wp-content\/uploads\/2018\/05\/jpg5-2.jpg\" data-attachment-id=\"231\" class=\"fg-thumb\"><span class=\"fg-image-wrap\"><img width=\"150\" height=\"150\" class=\"skip-lazy fg-image\" data-src-fg=\"https:\/\/zs1-projekty.nowotarski.edu.pl\/rimini2018\/wp-content\/uploads\/cache\/2018\/05\/jpg5-2\/363836765.jpg\" src=\"data:image\/svg+xml,%3Csvg%20xmlns%3D%22http%3A%2F%2Fwww.w3.org%2F2000%2Fsvg%22%20width%3D%22150%22%20height%3D%22150%22%20viewBox%3D%220%200%20150%20150%22%3E%3C%2Fsvg%3E\" \/><\/span><span class=\"fg-image-overlay\"><\/span><\/a><figcaption class=\"fg-caption\"><div class=\"fg-caption-inner\"><\/div><\/figcaption><\/figure><div class=\"fg-loader\"><\/div><\/div><div class=\"fg-item fg-type-image fg-idle\"><figure class=\"fg-item-inner\"><a href=\"https:\/\/zs1-projekty.nowotarski.edu.pl\/rimini2018\/wp-content\/uploads\/2018\/05\/jpg7.jpg\" data-attachment-id=\"232\" class=\"fg-thumb\"><span class=\"fg-image-wrap\"><img width=\"150\" height=\"150\" class=\"skip-lazy fg-image\" data-src-fg=\"https:\/\/zs1-projekty.nowotarski.edu.pl\/rimini2018\/wp-content\/uploads\/cache\/2018\/05\/jpg7\/4179411099.jpg\" src=\"data:image\/svg+xml,%3Csvg%20xmlns%3D%22http%3A%2F%2Fwww.w3.org%2F2000%2Fsvg%22%20width%3D%22150%22%20height%3D%22150%22%20viewBox%3D%220%200%20150%20150%22%3E%3C%2Fsvg%3E\" \/><\/span><span class=\"fg-image-overlay\"><\/span><\/a><figcaption class=\"fg-caption\"><div class=\"fg-caption-inner\"><\/div><\/figcaption><\/figure><div class=\"fg-loader\"><\/div><\/div><\/div>\r\n\n","protected":false},"excerpt":{"rendered":"<p>Sta\u017cysta: Adrian Skwarek Firma Sormani swoj\u0105 siedzib\u0119 ma w Pesaro, zajmuje si\u0119 sprzeda\u017c\u0105 produkt\u00f3w biurowych, pomoc\u0105 techniczn\u0105 i us\u0142ugami zwi\u0105zanymi z drukarkami, faksami i kasami fiskalnymi. Sormani srl oferuje pe\u0142ne wsparcie techniczne i rozwi\u0105zywanie wszelkich problem\u00f3w zwi\u0105zanych z u\u017cywaniem drukarek. W\u0142a\u015bcicielk\u0105 jest Roberta Sormani Obowi\u0105zki: Naprawa drukarek, faks\u00f3w i kas fiskalnych Konserwacja drukarek, faks\u00f3w i<a class=\"moretag\" href=\"https:\/\/zs1-projekty.nowotarski.edu.pl\/rimini2018\/praktyki-2\/\"><span class=\"screen-reader-text\">Wi\u0119cej oSormani<\/span>[&#8230;]<\/a><\/p>\n","protected":false},"author":1,"featured_media":0,"parent":0,"menu_order":0,"comment_status":"closed","ping_status":"closed","template":"","meta":[],"_links":{"self":[{"href":"https:\/\/zs1-projekty.nowotarski.edu.pl\/rimini2018\/wp-json\/wp\/v2\/pages\/24"}],"collection":[{"href":"https:\/\/zs1-projekty.nowotarski.edu.pl\/rimini2018\/wp-json\/wp\/v2\/pages"}],"about":[{"href":"https:\/\/zs1-projekty.nowotarski.edu.pl\/rimini2018\/wp-json\/wp\/v2\/types\/page"}],"author":[{"embeddable":true,"href":"https:\/\/zs1-projekty.nowotarski.edu.pl\/rimini2018\/wp-json\/wp\/v2\/users\/1"}],"replies":[{"embeddable":true,"href":"https:\/\/zs1-projekty.nowotarski.edu.pl\/rimini2018\/wp-json\/wp\/v2\/comments?post=24"}],"version-history":[{"count":6,"href":"https:\/\/zs1-projekty.nowotarski.edu.pl\/rimini2018\/wp-json\/wp\/v2\/pages\/24\/revisions"}],"predecessor-version":[{"id":536,"href":"https:\/\/zs1-projekty.nowotarski.edu.pl\/rimini2018\/wp-json\/wp\/v2\/pages\/24\/revisions\/536"}],"wp:attachment":[{"href":"https:\/\/zs1-projekty.nowotarski.edu.pl\/rimini2018\/wp-json\/wp\/v2\/media?parent=24"}],"curies":[{"name":"wp","href":"https:\/\/api.w.org\/{rel}","templated":true}]}}