{"id":26,"date":"2018-02-22T15:37:03","date_gmt":"2018-02-22T14:37:03","guid":{"rendered":"https:\/\/zs1-projekty.nowotarski.edu.pl\/rimini2018\/?page_id=26"},"modified":"2018-05-22T21:23:52","modified_gmt":"2018-05-22T19:23:52","slug":"praktyki-3","status":"publish","type":"page","link":"https:\/\/zs1-projekty.nowotarski.edu.pl\/rimini2018\/praktyki-3\/","title":{"rendered":"Vulpinari MG"},"content":{"rendered":"<p style=\"text-align: center;\"><img loading=\"lazy\" class=\"alignnone size-large wp-image-336\" src=\"https:\/\/zs1-projekty.nowotarski.edu.pl\/rimini2018\/wp-content\/uploads\/2018\/05\/loga-1024x158.png\" alt=\"\" width=\"730\" height=\"113\" srcset=\"https:\/\/zs1-projekty.nowotarski.edu.pl\/rimini2018\/wp-content\/uploads\/2018\/05\/loga-1024x158.png 1024w, https:\/\/zs1-projekty.nowotarski.edu.pl\/rimini2018\/wp-content\/uploads\/2018\/05\/loga-300x46.png 300w, https:\/\/zs1-projekty.nowotarski.edu.pl\/rimini2018\/wp-content\/uploads\/2018\/05\/loga-768x118.png 768w, https:\/\/zs1-projekty.nowotarski.edu.pl\/rimini2018\/wp-content\/uploads\/2018\/05\/loga.png 1170w\" sizes=\"(max-width: 730px) 100vw, 730px\" \/><\/p>\n<p>Sta\u017cy\u015bci: Katarzyna Zat\u0142oka, Ewelina Buba, Dominika S\u0105der<\/p>\n<p>Firma MG Vulpinari zosta\u0142a za\u0142o\u017cona w 1969 roku przez Maria Gabriella Vulpinari, dzi\u0119ki jej pasji do mody i do\u015bwiadczenia p\u0142yn\u0105cego z krawiectwa rodzinnego. W pierwszych latach, M. G. Vulpinari koncentrowa\u0142a si\u0119 na produkcji dziewiarskiej. Obecnie, przy wsparciu Enrico Calgarini i Marco Golfieri, specjalizuje si\u0119 w produkcji og\u00f3\u0142em . Od 2001 roku firma rozpocz\u0119\u0142a wsp\u00f3\u0142prac\u0119 z projektantami takimi jak Angelos Frentzos, Nicolas and Mark, Is\u2019sei, Nicol\u00f2 Cesci Berrini, Rick Owens, Norio Nakanishi, Incanuti i inne. Dzi\u0119ki temu firma zyska\u0142a wysoki poziom jako\u015bci obs\u0142ugi klienta oraz miejsce w najlepszych butikach na ca\u0142ym \u015bwiecie.<\/p>\n<p>Obowi\u0105zki technik logistyk:<\/p>\n<ul>\n<li>Zapoznanie si\u0119 i przestrzeganie zasad bezpiecze\u0144stwa i struktury sp\u00f3\u0142ki logistycznej<\/li>\n<li>Obs\u0142uga program\u00f3w handlowych dla biura i obs\u0142uga dokumentacji<\/li>\n<li>Radzenie sobie z klientami<\/li>\n<li>Pakowanie wyrob\u00f3w gotowych<\/li>\n<li>Segregowanie, kompletowanie,sortowanie wyrob\u00f3w gotowych<\/li>\n<li>Gospodarowanie przestrzeni\u0105 magazynow\u0105 oraz odpadami<\/li>\n<li>Przestrzeganie przepis\u00f3w zwi\u0105zanych z przechowywaniem i transportem<\/li>\n<\/ul>\n<p>Obowi\u0105zki technik technologii odzie\u017cy<\/p>\n<ul>\n<li>Obs\u0142uga maszyn wykorzystywanych w przemy\u015ble odzie\u017cowym<\/li>\n<li>Przyszywanie guzik\u00f3w i metek<\/li>\n<li>Prasowanie mi\u0119dzyoperacyjne i ko\u0144cowe<\/li>\n<li>Wykonywanie element\u00f3w zdobniczych i dodatk\u00f3w odzie\u017cowych<\/li>\n<li>Wyka\u0144czanie odzie\u017cy<\/li>\n<li>Zszywanie cz\u0119\u015bci sk\u0142adowych<\/li>\n<li>Pakowanie wyrob\u00f3w gotowych<\/li>\n<li>Ci\u0119cie odzie\u017cy<\/li>\n<li>Kontrola jako\u015bci<\/li>\n<li>Przechowywanie dokumentacji techniczno-technologicznej<\/li>\n<li>Zachowywanie bezpiecze\u0144stwa w pracy<\/li>\n<\/ul>\n<div class=\"foogallery foogallery-container foogallery-default foogallery-lightbox-foobox fg-gutter-10 fg-center fg-default fg-light fg-border-thin fg-shadow-outline fg-loading-default fg-loaded-fade-in fg-caption-hover fg-hover-fade fg-hover-zoom fg-ready\" id=\"foogallery-gallery-455\" data-foogallery=\"{&quot;item&quot;:{&quot;showCaptionTitle&quot;:true,&quot;showCaptionDescription&quot;:true},&quot;lazy&quot;:true}\" >\r\n\t<div class=\"fg-item fg-type-image fg-idle\"><figure class=\"fg-item-inner\"><a href=\"https:\/\/zs1-projekty.nowotarski.edu.pl\/rimini2018\/wp-content\/uploads\/2018\/05\/jpg1-18.jpg\" data-attachment-id=\"456\" class=\"fg-thumb\"><span class=\"fg-image-wrap\"><img width=\"150\" height=\"150\" class=\"skip-lazy fg-image\" data-src-fg=\"https:\/\/zs1-projekty.nowotarski.edu.pl\/rimini2018\/wp-content\/uploads\/cache\/2018\/05\/jpg1-18\/2779078879.jpg\" src=\"data:image\/svg+xml,%3Csvg%20xmlns%3D%22http%3A%2F%2Fwww.w3.org%2F2000%2Fsvg%22%20width%3D%22150%22%20height%3D%22150%22%20viewBox%3D%220%200%20150%20150%22%3E%3C%2Fsvg%3E\" \/><\/span><span class=\"fg-image-overlay\"><\/span><\/a><figcaption class=\"fg-caption\"><div class=\"fg-caption-inner\"><\/div><\/figcaption><\/figure><div class=\"fg-loader\"><\/div><\/div><div class=\"fg-item fg-type-image fg-idle\"><figure class=\"fg-item-inner\"><a href=\"https:\/\/zs1-projekty.nowotarski.edu.pl\/rimini2018\/wp-content\/uploads\/2018\/05\/jpg2-17.jpg\" data-attachment-id=\"457\" class=\"fg-thumb\"><span class=\"fg-image-wrap\"><img width=\"150\" height=\"150\" class=\"skip-lazy fg-image\" data-src-fg=\"https:\/\/zs1-projekty.nowotarski.edu.pl\/rimini2018\/wp-content\/uploads\/cache\/2018\/05\/jpg2-17\/2091857021.jpg\" src=\"data:image\/svg+xml,%3Csvg%20xmlns%3D%22http%3A%2F%2Fwww.w3.org%2F2000%2Fsvg%22%20width%3D%22150%22%20height%3D%22150%22%20viewBox%3D%220%200%20150%20150%22%3E%3C%2Fsvg%3E\" \/><\/span><span class=\"fg-image-overlay\"><\/span><\/a><figcaption class=\"fg-caption\"><div class=\"fg-caption-inner\"><\/div><\/figcaption><\/figure><div class=\"fg-loader\"><\/div><\/div><div class=\"fg-item fg-type-image fg-idle\"><figure class=\"fg-item-inner\"><a href=\"https:\/\/zs1-projekty.nowotarski.edu.pl\/rimini2018\/wp-content\/uploads\/2018\/05\/jpg3-17.jpg\" data-attachment-id=\"458\" class=\"fg-thumb\"><span class=\"fg-image-wrap\"><img width=\"150\" height=\"150\" class=\"skip-lazy fg-image\" data-src-fg=\"https:\/\/zs1-projekty.nowotarski.edu.pl\/rimini2018\/wp-content\/uploads\/cache\/2018\/05\/jpg3-17\/3554415340.jpg\" src=\"data:image\/svg+xml,%3Csvg%20xmlns%3D%22http%3A%2F%2Fwww.w3.org%2F2000%2Fsvg%22%20width%3D%22150%22%20height%3D%22150%22%20viewBox%3D%220%200%20150%20150%22%3E%3C%2Fsvg%3E\" \/><\/span><span class=\"fg-image-overlay\"><\/span><\/a><figcaption class=\"fg-caption\"><div class=\"fg-caption-inner\"><\/div><\/figcaption><\/figure><div class=\"fg-loader\"><\/div><\/div><div class=\"fg-item fg-type-image fg-idle\"><figure class=\"fg-item-inner\"><a href=\"https:\/\/zs1-projekty.nowotarski.edu.pl\/rimini2018\/wp-content\/uploads\/2018\/05\/jpg4-13.jpg\" data-attachment-id=\"459\" class=\"fg-thumb\"><span class=\"fg-image-wrap\"><img width=\"150\" height=\"150\" class=\"skip-lazy fg-image\" data-src-fg=\"https:\/\/zs1-projekty.nowotarski.edu.pl\/rimini2018\/wp-content\/uploads\/cache\/2018\/05\/jpg4-13\/3882166682.jpg\" src=\"data:image\/svg+xml,%3Csvg%20xmlns%3D%22http%3A%2F%2Fwww.w3.org%2F2000%2Fsvg%22%20width%3D%22150%22%20height%3D%22150%22%20viewBox%3D%220%200%20150%20150%22%3E%3C%2Fsvg%3E\" \/><\/span><span class=\"fg-image-overlay\"><\/span><\/a><figcaption class=\"fg-caption\"><div class=\"fg-caption-inner\"><\/div><\/figcaption><\/figure><div class=\"fg-loader\"><\/div><\/div><div class=\"fg-item fg-type-image fg-idle\"><figure class=\"fg-item-inner\"><a href=\"https:\/\/zs1-projekty.nowotarski.edu.pl\/rimini2018\/wp-content\/uploads\/2018\/05\/jpg5-10.jpg\" data-attachment-id=\"460\" class=\"fg-thumb\"><span class=\"fg-image-wrap\"><img width=\"150\" height=\"150\" class=\"skip-lazy fg-image\" data-src-fg=\"https:\/\/zs1-projekty.nowotarski.edu.pl\/rimini2018\/wp-content\/uploads\/cache\/2018\/05\/jpg5-10\/1339145434.jpg\" src=\"data:image\/svg+xml,%3Csvg%20xmlns%3D%22http%3A%2F%2Fwww.w3.org%2F2000%2Fsvg%22%20width%3D%22150%22%20height%3D%22150%22%20viewBox%3D%220%200%20150%20150%22%3E%3C%2Fsvg%3E\" \/><\/span><span class=\"fg-image-overlay\"><\/span><\/a><figcaption class=\"fg-caption\"><div class=\"fg-caption-inner\"><\/div><\/figcaption><\/figure><div class=\"fg-loader\"><\/div><\/div><div class=\"fg-item fg-type-image fg-idle\"><figure class=\"fg-item-inner\"><a href=\"https:\/\/zs1-projekty.nowotarski.edu.pl\/rimini2018\/wp-content\/uploads\/2018\/05\/jpg6-7.jpg\" data-attachment-id=\"461\" class=\"fg-thumb\"><span class=\"fg-image-wrap\"><img width=\"150\" height=\"150\" class=\"skip-lazy fg-image\" data-src-fg=\"https:\/\/zs1-projekty.nowotarski.edu.pl\/rimini2018\/wp-content\/uploads\/cache\/2018\/05\/jpg6-7\/800033795.jpg\" src=\"data:image\/svg+xml,%3Csvg%20xmlns%3D%22http%3A%2F%2Fwww.w3.org%2F2000%2Fsvg%22%20width%3D%22150%22%20height%3D%22150%22%20viewBox%3D%220%200%20150%20150%22%3E%3C%2Fsvg%3E\" \/><\/span><span class=\"fg-image-overlay\"><\/span><\/a><figcaption class=\"fg-caption\"><div class=\"fg-caption-inner\"><\/div><\/figcaption><\/figure><div class=\"fg-loader\"><\/div><\/div><\/div>\r\n\n<p>&nbsp;<\/p>\n","protected":false},"excerpt":{"rendered":"<p>Sta\u017cy\u015bci: Katarzyna Zat\u0142oka, Ewelina Buba, Dominika S\u0105der Firma MG Vulpinari zosta\u0142a za\u0142o\u017cona w 1969 roku przez Maria Gabriella Vulpinari, dzi\u0119ki jej pasji do mody i do\u015bwiadczenia p\u0142yn\u0105cego z krawiectwa rodzinnego. W pierwszych latach, M. G. Vulpinari koncentrowa\u0142a si\u0119 na produkcji dziewiarskiej. Obecnie, przy wsparciu Enrico Calgarini i Marco Golfieri, specjalizuje si\u0119 w produkcji og\u00f3\u0142em .<a class=\"moretag\" href=\"https:\/\/zs1-projekty.nowotarski.edu.pl\/rimini2018\/praktyki-3\/\"><span class=\"screen-reader-text\">Wi\u0119cej oVulpinari MG<\/span>[&#8230;]<\/a><\/p>\n","protected":false},"author":1,"featured_media":0,"parent":0,"menu_order":0,"comment_status":"closed","ping_status":"closed","template":"","meta":[],"_links":{"self":[{"href":"https:\/\/zs1-projekty.nowotarski.edu.pl\/rimini2018\/wp-json\/wp\/v2\/pages\/26"}],"collection":[{"href":"https:\/\/zs1-projekty.nowotarski.edu.pl\/rimini2018\/wp-json\/wp\/v2\/pages"}],"about":[{"href":"https:\/\/zs1-projekty.nowotarski.edu.pl\/rimini2018\/wp-json\/wp\/v2\/types\/page"}],"author":[{"embeddable":true,"href":"https:\/\/zs1-projekty.nowotarski.edu.pl\/rimini2018\/wp-json\/wp\/v2\/users\/1"}],"replies":[{"embeddable":true,"href":"https:\/\/zs1-projekty.nowotarski.edu.pl\/rimini2018\/wp-json\/wp\/v2\/comments?post=26"}],"version-history":[{"count":7,"href":"https:\/\/zs1-projekty.nowotarski.edu.pl\/rimini2018\/wp-json\/wp\/v2\/pages\/26\/revisions"}],"predecessor-version":[{"id":539,"href":"https:\/\/zs1-projekty.nowotarski.edu.pl\/rimini2018\/wp-json\/wp\/v2\/pages\/26\/revisions\/539"}],"wp:attachment":[{"href":"https:\/\/zs1-projekty.nowotarski.edu.pl\/rimini2018\/wp-json\/wp\/v2\/media?parent=26"}],"curies":[{"name":"wp","href":"https:\/\/api.w.org\/{rel}","templated":true}]}}